{"id":105,"date":"2019-05-13T07:43:46","date_gmt":"2019-05-13T07:43:46","guid":{"rendered":"https:\/\/grundejer.com\/?page_id=105"},"modified":"2026-02-12T16:08:33","modified_gmt":"2026-02-12T16:08:33","slug":"forside","status":"publish","type":"page","link":"https:\/\/xn--strandkrgaard-9fb.dk\/","title":{"rendered":"Forside"},"content":{"rendered":"\n<p style=\"text-align:center\"><strong>Velkommen til Strandk\u00e6rg\u00e5rd Grundejerforenings hjemmeside.<\/strong><br>Grundejerforeningen best\u00e5r af 170 grundejere, og den afgr\u00e6nses af den r\u00f8de markering p\u00e5 kortet nedenfor.<\/p>\n\n\n\n<p>Grundejerforeningen er registreret i det Centrale Virksomhedsregister under det juridiske navn <strong>Strandk\u00e6rg\u00e5rd<\/strong> og CVR-nummer 3467 7522<\/p>\n\n\n\n<figure class=\"wp-block-image\"><img loading=\"lazy\" decoding=\"async\" width=\"1024\" height=\"545\" src=\"https:\/\/xn--strandkrgaard-9fb.dk\/wp-content\/uploads\/2019\/05\/Omr\u00e5det-1024x545.jpg\" alt=\"Strandk\u00e6rgaard Grundejerforenings omr\u00e5de\" class=\"wp-image-285\" srcset=\"https:\/\/xn--strandkrgaard-9fb.dk\/wp-content\/uploads\/2019\/05\/Omr\u00e5det-1024x545.jpg 1024w, https:\/\/xn--strandkrgaard-9fb.dk\/wp-content\/uploads\/2019\/05\/Omr\u00e5det-300x160.jpg 300w, https:\/\/xn--strandkrgaard-9fb.dk\/wp-content\/uploads\/2019\/05\/Omr\u00e5det-768x408.jpg 768w, https:\/\/xn--strandkrgaard-9fb.dk\/wp-content\/uploads\/2019\/05\/Omr\u00e5det.jpg 1117w\" sizes=\"auto, (max-width: 767px) 89vw, (max-width: 1000px) 54vw, (max-width: 1071px) 543px, 580px\" \/><\/figure>\n\n\n\n<blockquote class=\"wp-block-quote is-layout-flow wp-block-quote-is-layout-flow\"><p> <em><strong>Postet den 26. januar 2026<\/strong><\/em><br>Der er indkaldt til ordin\u00e6rt bestyrelsesm\u00f8de den 22. februar 2026.<br><br><strong> <\/strong><em><strong>Postet den 20. december 2025<\/strong><\/em><br>Meddelelse fra Fjordgruppen er tilf\u00f8jet med 3 dokumenter.<br>L\u00e6s dokumenterne under: <a rel=\"noreferrer noopener\" href=\"https:\/\/xn--strandkrgaard-9fb.dk\/?page_id=217\" target=\"_blank\"><strong>Kystsikring<\/strong><\/a> <\/p><p><em>Seneste opdateringer:<\/em><br> <strong>Opdatering d. 19. juni 2025<\/strong><br><em>Der er udsendt nyhedsbrev om den nye kv\u00e6gbes\u00e6tning.  <\/em>  <br><br><strong>Opdatering d. 15. juni 2025<\/strong><br><em>Der er udsendt referat fra \u00e5rets generalforsamling.  <\/em> <\/p><p><strong>Opdatering d. 31. maj 2025<\/strong><br><em>Bestyrelsen har udsendt nyhedsbrev om f\u00e6lles arbejdsdag.<\/em> <br><em>Se det under <\/em><strong>Nyheder<\/strong><\/p><p><strong>Opdatering d. 12. maj 2025<\/strong><br>Bestyrelsen meddeler dato for n\u00e6ste bestyrelsesm\u00f8de.<br>Se det under <strong>Nyheder<\/strong>  <\/p><p><strong>Opdatering d. 17. april 2025<\/strong><br><em>Der er den 16. april udsendt indkaldelse til den \u00e5rlige generalforsaml<\/em> ing.<br>Se mere under <strong>Foreningen\/Generalforsamlinger<\/strong><br>  <br><strong>Opdatering d. 10. april 2025<\/strong><br><em>Bestyrelsen i vores forening har sammen med de 4 andre grundejerforeninger i omr\u00e5det indg\u00e5et en aftale om drift af hjertestartere i omr\u00e5det.<\/em><br><em>Se dokumenterne under under <\/em><strong>Foreningen\/Dokumenter<\/strong> <\/p><p><strong>Opdatering d. 3. april 2025<\/strong><br><em>Den 1. april udsendte bestyrelsen referat fra den ekstraordin\u00e6re generalforsamling samt nyt Nyhedsbrev.<\/em><br>Se referatet under <strong>Foreningen\/Generalforsamlinger<\/strong><br>og Nyhedsbrevet under <strong>Nyheder<\/strong><br><br><strong>Opdatering d. 23. februar 2025<\/strong><br>Der er igen \u00e6ndringer i b<em>estyrelsen.<\/em><br>Se mere under <strong><a href=\"https:\/\/xn--strandkrgaard-9fb.dk\/?page_id=13\">Foreningen\/Bestyrelsen<\/a><\/strong><br> <br> <strong>Opdatering d. 15. februar 2025<\/strong><br><em>Bestyrelsen har igen udsendt indkaldelse til ny ekstraordin\u00e6r generalforsamling, denne gang d. 1. marts 2025.<\/em><br>Find materialet under\u00a0<a href=\"https:\/\/xn--strandkrgaard-9fb.dk\/?page_id=119\"><strong>Foreningen\/Generalforsamlinger.<\/strong><\/a><br>  <br><strong>Opdatering d. 23. januar 2025<\/strong><br><em>Bestyrelsen har igen udsendt nyhedsbrev, denne gang med varsling om endnu en ekstraordin\u00e6r generalforsamling.<\/em><br>L\u00e6s mere under menupunktet <strong>Nyheder<\/strong><em><strong>.<\/strong><\/em> <br><br><strong>Opdatering d. 4. december 2024<\/strong><br>Bestyrelsen har udsendt nyhedsbrev og samtidig frigivet referat af den ekstraordin\u00e6re generalforsamling.<br>Nyhedsbrevet indeholder oplysning om at bestyrelsen har besluttet at underkende resultatet af den ekstraordin\u00e6re generalforsamling.<br>L\u00e6s mere <a href=\"https:\/\/xn--strandkrgaard-9fb.dk\/?page_id=41\">HER<\/a><br><br>Opdatering d. 27. oktober<em> 2024<\/em><br>Et kort resume af den Ekstraordin\u00e6re Generalforsamling finder du under menupunktet: Foreningen\/Generalforsamlinger (red.)<br><br>Opdatering d. 13. oktober<em> 2024<\/em><br><em>Sekret\u00e6ren har den 9\/10 2024 udsendt indkaldelsen til<\/em><br>Ekstraordin\u00e6r Generalforsamling<em>\u00a0den 26. oktober 2024 med bilag.<\/em><br><em>Find dokumenterne\u00a0<\/em><a href=\"https:\/\/xn--strandkrgaard-9fb.dk\/?page_id=119\">HER<\/a><em>  <\/em> <br><br> Opdatering d. 29. september 2024<br>Bestyrelsen har udsendt nyhedsbrev<em>.<\/em><br><em>Se det under   <\/em><a href=\"https:\/\/xn--strandkrgaard-9fb.dk\/?page_id=924\">Foreningen\/referater  og meddelelser<\/a> <br><br>Opdatering d. 20. september 2024<br>Der er afsagt dom i den verserende retssag.<br>Se afg\u00f8relsen under   <a href=\"https:\/\/xn--strandkrgaard-9fb.dk\/?page_id=924\">Foreningen\/referater  og meddelelser<\/a> <br><br>Opdatering d. 4. august 2024<br>Der har v\u00e6ret udf\u00f8rt arbejde for at g\u00f8re folden mere fremkommelig.<br>L\u00e6s mere under <a href=\"https:\/\/xn--strandkrgaard-9fb.dk\/?page_id=924\">Foreningen\/referater  og meddelelser<\/a><br><br>Opdatering d. 19. juli 2024<br>K\u00f8erne er taget hjem for i \u00e5r. <br>L\u00e6s mere under <a href=\"https:\/\/xn--strandkrgaard-9fb.dk\/?page_id=41\">Nyheder<\/a><br><br>Opdatering d. 21. maj 2024<br>Referatet fra Generalforsamlingen er nu offentliggjort.<br><br>Opdatering d. 25. april 2024<br> Sommerens kv\u00e6gbes\u00e6tning er nu ankommet<br>VIGTIG INFO!.   Denne gang er der dr\u00e6gtige k\u00f8er i bes\u00e6tningen.<br>L\u00e6s mere under <a href=\"https:\/\/xn--strandkrgaard-9fb.dk\/?page_id=764\">Natur\/Naturpleje p\u00e5 strandengen<\/a> <\/p><p>Opdatering d. 20. april 2024<br>Der er oprettet et nyt menupunkt: <a href=\"https:\/\/xn--strandkrgaard-9fb.dk\/?page_id=840\">Foreningen\/Dokumenter<\/a><br>Det er tanken p\u00e5 sigt at alle meddelelser fra foreningens bestyrelse til medlemmerne skal findes her i kronologisk orden.<br>Aktuelt finder du ogs\u00e5 her indkaldelsen til \u00e5rets generalforsamling.<br><br>Opdateret d. 4. maj 2023<br>Indkaldelsen til kommende Generalforsamling er nu endelig kommet p\u00e5 hjemmesiden.<br>Find det komplette dokument under <a href=\"https:\/\/xn--strandkrgaard-9fb.dk\/?page_id=119\">FORENINGEN\/GENERALFORSAMLINGER<\/a><br><br><em>Opdateret d. 28. januar 2023<\/em><br><em>Bestyrelsen har s\u00f8gt og modtaget dispensation af Frederikssund Kommune til at lave en udvidelse af ko-folden fra ca. 2 til ca. 3,2 ha., nu ogs\u00e5 omfattende Grundejerforeningens f\u00e6llesomr\u00e5de foran grundene p\u00e5 S\u00f8tungevej 1, 3, 5 og 7.<\/em><br><a href=\"https:\/\/xn--strandkrgaard-9fb.dk\/wp-content\/uploads\/2023\/01\/Dispensation-til-fold.pdf\">L\u00e6s selv hele dispensationen med argumenter og indsigelser HER<\/a> <br><br>Opdateret d. 27. januar 2023<br>Bestyrelsen har udsendt invitation til et dialogm\u00f8de l\u00f8rdag d, 4\/2\/2023 vedr\u00f8rende den p\u00e5t\u00e6nkte udvidelse af folden p\u00e5 strandengen.<br><a href=\"https:\/\/xn--strandkrgaard-9fb.dk\/wp-content\/uploads\/2023\/01\/Dialogm\u00f8de-Strandengen-04_02_2023-1.pdf\">Se den HER<\/a><br><br>Opdateret d. 31. oktober 2022<br>Bestyrelsen har redigeret vores Ordensreglement pr. 28\/10\/2022<br>Find de reviderede regler under <a href=\"https:\/\/xn--strandkrgaard-9fb.dk\/?page_id=114\">FORENINGEN\/ORDENSREGLEMENT<\/a><br><br> Opdateret d. 25. oktober 2022 med \u00e6ndringer i bestyrelsen grundet vakance, da vores kasserer efter eget \u00f8nske udtr\u00e6der. <a href=\"https:\/\/xn--strandkrgaard-9fb.dk\/?page_id=13\">Se mere her.<\/a><br><br>Opdateret d. 25. oktober med oplysninger om CVR-nummer her p\u00e5 forsiden.<br><br><em>Opdateret d. 25. september 2022 med vejledning fra bestyrelsen<\/em> <br>Opdateret d. 5. juni 2022 med referat fra generalforsamlingen<br> <em>Opdateret d. 16. april 2022 med dokumenter om generalforsamling<\/em> <br>Opdateret d. 18. februar 2022 med dokumenter fra generalforsamlingen og retningslinjer for besk\u00e6ring.<br>Opdateret d. 2. november 2020 (Nyheder og regnskab fra formanden)<br><em>Opdateret d. 15. april vedr. mulighed for\u00a0Fibernet<\/em> <br>Opdateret\u00a0d. 28. marts 2020<br>Opdateret d. 5. februar 2020<br>Opdateret d. 16. januar 2020<br>Opdateret d. 22. december 2019 (vedr. hjertestarter)<br>Opdateret d. 21. juni 2019<br>Opdateret d. 17. maj\u00a02019 (nyt layout)<br><br><\/p><\/blockquote>\n","protected":false},"excerpt":{"rendered":"<p>Velkommen til Strandk\u00e6rg\u00e5rd Grundejerforenings hjemmeside.Grundejerforeningen best\u00e5r af 170 grundejere, og den afgr\u00e6nses af den r\u00f8de markering p\u00e5 kortet nedenfor. Grundejerforeningen er registreret i det Centrale Virksomhedsregister under det juridiske navn Strandk\u00e6rg\u00e5rd og CVR-nummer 3467 7522 Postet den 26. januar 2026Der er indkaldt til ordin\u00e6rt bestyrelsesm\u00f8de den 22. februar 2026. Postet den 20. december 2025Meddelelse fra &hellip; <\/p>\n<p class=\"link-more\"><a href=\"https:\/\/xn--strandkrgaard-9fb.dk\/\" class=\"more-link\">L\u00e6s videre<span class=\"screen-reader-text\"> &#8220;Forside&#8221;<\/span><\/a><\/p>\n","protected":false},"author":2,"featured_media":0,"parent":0,"menu_order":0,"comment_status":"closed","ping_status":"closed","template":"","meta":{"footnotes":""},"class_list":["post-105","page","type-page","status-publish","hentry"],"_links":{"self":[{"href":"https:\/\/xn--strandkrgaard-9fb.dk\/index.php?rest_route=\/wp\/v2\/pages\/105","targetHints":{"allow":["GET"]}}],"collection":[{"href":"https:\/\/xn--strandkrgaard-9fb.dk\/index.php?rest_route=\/wp\/v2\/pages"}],"about":[{"href":"https:\/\/xn--strandkrgaard-9fb.dk\/index.php?rest_route=\/wp\/v2\/types\/page"}],"author":[{"embeddable":true,"href":"https:\/\/xn--strandkrgaard-9fb.dk\/index.php?rest_route=\/wp\/v2\/users\/2"}],"replies":[{"embeddable":true,"href":"https:\/\/xn--strandkrgaard-9fb.dk\/index.php?rest_route=%2Fwp%2Fv2%2Fcomments&post=105"}],"version-history":[{"count":92,"href":"https:\/\/xn--strandkrgaard-9fb.dk\/index.php?rest_route=\/wp\/v2\/pages\/105\/revisions"}],"predecessor-version":[{"id":1246,"href":"https:\/\/xn--strandkrgaard-9fb.dk\/index.php?rest_route=\/wp\/v2\/pages\/105\/revisions\/1246"}],"wp:attachment":[{"href":"https:\/\/xn--strandkrgaard-9fb.dk\/index.php?rest_route=%2Fwp%2Fv2%2Fmedia&parent=105"}],"curies":[{"name":"wp","href":"https:\/\/api.w.org\/{rel}","templated":true}]}}