{"id":112,"date":"2019-05-13T08:13:41","date_gmt":"2019-05-13T08:13:41","guid":{"rendered":"https:\/\/grundejer.com\/?page_id=112"},"modified":"2024-10-13T15:26:43","modified_gmt":"2024-10-13T15:26:43","slug":"vedtaegter","status":"publish","type":"page","link":"https:\/\/xn--strandkrgaard-9fb.dk\/?page_id=112","title":{"rendered":"Vedt\u00e6gter"},"content":{"rendered":"\n<p>Vedt\u00e6gter For Strandk\u00e6rgaard Grundejerforening<\/p>\n\n\n\n<p style=\"text-align:center\">\u00a71.<\/p>\n\n\n\n<p>Foreningens navn er STRANDK\u00c6RGAARD GRUNDEJERFORENING<\/p>\n\n\n\n<p style=\"text-align:center\">\u00a72.<\/p>\n\n\n\n<p>Foreningens form\u00e5l er at varetage parcelejernes interesser overfor s\u00e5vel offentlige myndigheder som private.<\/p>\n\n\n\n<p style=\"text-align:center\">\u00a73.<\/p>\n\n\n\n<p>Medlemskab er, i henhold til tinglyst deklaration, obligatorisk for alle grund- ejere p\u00e5 udstykningsomr\u00e5det, der omfatter matr.nr. 6a, Over-Draaby.<\/p>\n\n\n\n<p style=\"text-align:center\">\u00a74.<\/p>\n\n\n\n<p>Er der for en grund mere end \u00e9n sk\u00f8deindehaver, og disse ikke har samme  adresse, skal der skriftligt meddeles bestyrelsen en kontaktadresse. Hver grund har \u00e9n stemme, uanset antal af sk\u00f8deindehavere.<\/p>\n\n\n\n<p style=\"text-align:center\">\u00a75.<\/p>\n\n\n\n<p>Foreningens budget- og regnskabs\u00e5r f\u00f8lger kalender\u00e5ret. Til foreningens drift p\u00e5lignes, hver grundejer, for hver grund, \u00e9t kontingent. Alle foreningens tilgodehavender hos et medlem forrentes med en rentesats svarende til foreningens banks normale udl\u00e5nsrente + 3 %. Opg\u00f8relse over mellemv\u00e6rendet sendes j\u00e6vnligt til medlemmet, med angivelse af betalings- frist og m\u00e5nedligt rentebel\u00f8b. Tilgodehavendet kan uden varsel overgives til retslig inkasso. Inkassoomkostninger betales af medlemmet. Bestyrelsen kan overgive kontingentopkr\u00e6vningen til Frederikssund kommune, pengeinstitutternes opkr\u00e6vningsservice, advokatkontor eller anden relevant servicevirksomhed.<\/p>\n\n\n\n<p style=\"text-align:center\">\u00a76.<\/p>\n\n\n\n<p>Ingen medlemmer h\u00e6fter for grundejerforeningens indg\u00e5ede forpligtelser.<\/p>\n\n\n\n<p style=\"text-align:center\">\u00a77.<\/p>\n\n\n\n<p>Medlemmerne er pligtige til at holde bestyrelsen underrettet om deres faste adresser.<\/p>\n\n\n\n<p style=\"text-align:center\">\u00a78.<\/p>\n\n\n\n<p>N\u00e5r et medlem overdrager sin grund, eller p\u00e5 anden m\u00e5de oph\u00f8rer med at v\u00e6re ejer af den, er vedkommende dermed oph\u00f8rt med at v\u00e6re medlem, og kan derefter ikke g\u00f8re krav p\u00e5 foreningens eventuelle formue m.v. Ejerskifte skal omg\u00e5ende anmeldes af s\u00e6lger til foreningens formand eller kasserer. Den nye ejer ind tr\u00e6der i den gamle ejers rettigheder og forpligtelser.<\/p>\n\n\n\n<p style=\"text-align:center\">\u00a79.<\/p>\n\n\n\n<p>Enhver grundejer er pligtig til at renholde vejen ud for sin grund, ind til vejens midte, herunder gr\u00e6ssl\u00e5ning af rabatter, stier samt f\u00e6ldning og besk\u00e6ring af bevoksning, under henvisning til Frederikssund Kommunes bekendtg\u00f8relse. Hvor parcellen ikke er helt under kultur, eller p\u00e5 de s\u00e5kaldte naturgrunde, skal sl\u00e5ning af gr\u00e6s og ukrudt foretages to gange i l\u00f8bet af sommeren. For de nederste enggrunde, der st\u00f8der direkte op til f\u00e6lles areal ud mod fjorden, er det begr\u00e6nset til, at n\u00e6lder og tidsler skal fjernes (sl\u00e5s). Grundstykkerne m\u00e5 ikke benyttes til oplagrings \u2013 eller losseplads, herunder uindregistrerede motork\u00f8ret\u00f8jer. Der m\u00e5 ikke drives erhverv eller lignende fra parcellen, ligesom der heller ikke m\u00e5 holdes svinehold, h\u00f8ns, pelsdyr eller lignende. Overholdes ovenn\u00e6vnte ikke, vil der tilg\u00e5 medlemmet underretning herom fra bestyrelsen ved et anbefalet brev med 7 dages varsel, g\u00e6ldende fra poststemplets dato, til at f\u00e5 bragt sagen i orden. I tilf\u00e6lde af at varslet negligeres, foretager foreningen alt n\u00f8dvendigt arbejde for den p\u00e5g\u00e6ldende grundejers regning. Eventuelle skader, der i den forbindelse m\u00e5tte opst\u00e5 p\u00e5 grundstykkets beplantning m. m. vil v\u00e6re foreningen  uvedkommende.<\/p>\n\n\n\n<p style=\"text-align:center\">\u00a710.<\/p>\n\n\n\n<p>Medlemmerne er ansvarlige for skader p\u00e5 den f\u00e6lles vej, opst\u00e5et ved byggeri, flytning og lignende tung k\u00f8rsel, og er pligtig til at erstatte s\u00e5danne skader.<\/p>\n\n\n\n<p style=\"text-align:center\">\u00a711.<\/p>\n\n\n\n<p>I perioden fra 1.maj \u2013 30. september skal pl\u00e6neklipning og brug af andre st\u00f8jende maskiner foreg\u00e5 inden for f\u00f8lgende tidsrum: Hverdage 7 \u2013 19, L\u00f8rdage 8 \u2013 16, S\u00f8n \u2013 og helligdage 8 \u2013 12. Afbr\u00e6nding f\u00f8lger kommunens vedt\u00e6gter. Motork\u00f8ret\u00f8jers hastighed p\u00e5 omr\u00e5det m\u00e5 ikke overstige 40 km\/t.<\/p>\n\n\n\n<p style=\"text-align:center\">\u00a712.<\/p>\n\n\n\n<p>Foreningens anliggender varetages af en bestyrelse p\u00e5 5 medlemmer. Valgbar til bestyrelsen er medlemmer af grundejerforeningen, disses \u00e6gtef\u00e6ller eller samlevere. Denne personkreds har adgang til generalforsamlingen med stemmeret og taleret.  Bestyrelsen konstituerer sig selv med formand, kasserer og sekret\u00e6r. Valg til bestyrelsen: 2 personer i lige \u00e5r og 3 personer i ulige \u00e5r. For at sikre en vis kontinuitet i bestyrelsen, skal det tilstr\u00e6bes, at formand og kasserer ikke er p\u00e5 valg samtidig. Endvidere v\u00e6lges der 2 bestyrelsessuppleanter, 1 revisor i  lige \u00e5r og 1 revisorsuppleant i ulige \u00e5r. Suppleanter kan deltage i bestyrelsesm\u00f8derne med taleret. Suppleanter, der i valgperioden tiltr\u00e6der bestyrelsen eller revisionen, fungerer perioden ud.  Bestyrelsen f\u00f8rer protokol over trufne beslutninger p\u00e5 bestyrelsesm\u00f8der og generalforsamlinger. Foreningen tegnes af formand eller kasserer i forening med et bestyrelsesmedlem.<\/p>\n\n\n\n<p style=\"text-align:center\">\u00a713.<\/p>\n\n\n\n<p>Ordin\u00e6r generalforsamling afholdes hvert \u00e5r i anden halvdel af april eller i maj m\u00e5ned, og indkaldes med 14 dages varsel i almindeligt brev\/mail.  Generalforsamlingen kan ikke erkl\u00e6res ulovligt indkaldt p\u00e5 grund af manglende overholdelse fra medlemsside af \u00a7 4, 7 og 8, samt postens fejlekspedition. Dagsordenen skal indeholde mindst f\u00f8lgende punkter:<br>1. Valg af dirigent. <br>2. Valg af stemmet\u00e6llere. <br>3. Beretning for det forl\u00f8bne \u00e5r. <br>4. Freml\u00e6ggelse og godkendelse af: <br>&nbsp;&nbsp;&nbsp;&nbsp; 1. Regnskab for det seneste forl\u00f8bne \u00e5r. <br>&nbsp;&nbsp;&nbsp;&nbsp; 2. Budget for det efterf\u00f8lgende kalender\u00e5r. <br>5. Indkomne forslag. <br>6. Valg af bestyrelse, suppleanter samt revisor. <br>7. Eventuelt.<br><br>Forslag, der \u00f8nskes behandlet p\u00e5 generalforsamlingen, skal indgives skriftligt til formanden senest den 1. marts.<\/p>\n\n\n\n<p><\/p>\n\n\n\n<p style=\"text-align:center\">\u00a714.<\/p>\n\n\n\n<p>Generalforsamlingen er h\u00f8jeste myndighed. Beslutninger p\u00e5 generalforsamlingen afg\u00f8res ved simpelt stemmeflertal, blandt de afgivne stemmer. Afstemningen sker ved h\u00e5ndsopr\u00e6kning. Hvis blot \u00e9t medlem forlanger det, finder skriftlig afstemning sted. Medlemmer i restance har ikke stemmeret.<\/p>\n\n\n\n<p style=\"text-align:center\">\u00a715.<\/p>\n\n\n\n<p>Til vedtagelse af \u00e6ndringer i vedt\u00e6gterne og \u00f8konomiske dispositioner, skal disse v\u00e6re udsendt med indkaldelsen til generalforsamlingen. Forslagene kan vedtages med \u00be af de afgivne stemmer inklusive fuldmagt. Der kan stemmes pr. fuldmagt af et andet medlem (grund) af foreningen. Hvert medlem (grund) kan kun repr\u00e6sentere \u00e9t (1) andet medlem (grund).<\/p>\n\n\n\n<p style=\"text-align:center\">\u00a716.<\/p>\n\n\n\n<p>Ekstraordin\u00e6r generalforsamling indkaldes p\u00e5 samme m\u00e5de som angivet i \u00a713, n\u00e5r bestyrelsen finder det n\u00f8dvendigt, eller n\u00e5r mindst 25% af medlemmerne skriftligt indgiver anmodning herom, med angivelse af dagsorden.<\/p>\n\n\n\n<p style=\"text-align:center\">\u00a717.<\/p>\n\n\n\n<p>Foreningens midler inds\u00e6ttes p\u00e5 giro-, bank- netbank- eller sparekassekonto. Kassereren kan disponere over foreningens midler i samr\u00e5d med formanden. Opsparing inds\u00e6ttes p\u00e5 en s\u00e6rskilt bankkonto: Henl\u00e6ggelse til vejvedligeholdelse, og d\u00e9r kan kun foretages h\u00e6vninger, med  godkendelse\/underskrift af formand og 2 bestyrelses medlemmer.<\/p>\n\n\n\n<p style=\"text-align:center\">\u00a718.<\/p>\n\n\n\n<p>Disse vedt\u00e6gter er vedtaget p\u00e5 den stiftende generalforsamling  den 31. august 1963. \u00c6ndringer senest vedtaget p\u00e5 generalforsamling: 7. maj 2017. <\/p>\n\n\n\n<h4 class=\"wp-block-heading\"><a href=\"https:\/\/xn--strandkrgaard-9fb.dk\">Vend tilbage til forsiden<\/a><\/h4>\n","protected":false},"excerpt":{"rendered":"<p>Vedt\u00e6gter For Strandk\u00e6rgaard Grundejerforening \u00a71. Foreningens navn er STRANDK\u00c6RGAARD GRUNDEJERFORENING \u00a72. Foreningens form\u00e5l er at varetage parcelejernes interesser overfor s\u00e5vel offentlige myndigheder som private. \u00a73. Medlemskab er, i henhold til tinglyst deklaration, obligatorisk for alle grund- ejere p\u00e5 udstykningsomr\u00e5det, der omfatter matr.nr. 6a, Over-Draaby. \u00a74. Er der for en grund mere end \u00e9n sk\u00f8deindehaver, og &hellip; <\/p>\n<p class=\"link-more\"><a href=\"https:\/\/xn--strandkrgaard-9fb.dk\/?page_id=112\" class=\"more-link\">L\u00e6s videre<span class=\"screen-reader-text\"> &#8220;Vedt\u00e6gter&#8221;<\/span><\/a><\/p>\n","protected":false},"author":2,"featured_media":0,"parent":0,"menu_order":0,"comment_status":"closed","ping_status":"closed","template":"","meta":{"footnotes":""},"class_list":["post-112","page","type-page","status-publish","hentry"],"_links":{"self":[{"href":"https:\/\/xn--strandkrgaard-9fb.dk\/index.php?rest_route=\/wp\/v2\/pages\/112","targetHints":{"allow":["GET"]}}],"collection":[{"href":"https:\/\/xn--strandkrgaard-9fb.dk\/index.php?rest_route=\/wp\/v2\/pages"}],"about":[{"href":"https:\/\/xn--strandkrgaard-9fb.dk\/index.php?rest_route=\/wp\/v2\/types\/page"}],"author":[{"embeddable":true,"href":"https:\/\/xn--strandkrgaard-9fb.dk\/index.php?rest_route=\/wp\/v2\/users\/2"}],"replies":[{"embeddable":true,"href":"https:\/\/xn--strandkrgaard-9fb.dk\/index.php?rest_route=%2Fwp%2Fv2%2Fcomments&post=112"}],"version-history":[{"count":7,"href":"https:\/\/xn--strandkrgaard-9fb.dk\/index.php?rest_route=\/wp\/v2\/pages\/112\/revisions"}],"predecessor-version":[{"id":992,"href":"https:\/\/xn--strandkrgaard-9fb.dk\/index.php?rest_route=\/wp\/v2\/pages\/112\/revisions\/992"}],"wp:attachment":[{"href":"https:\/\/xn--strandkrgaard-9fb.dk\/index.php?rest_route=%2Fwp%2Fv2%2Fmedia&parent=112"}],"curies":[{"name":"wp","href":"https:\/\/api.w.org\/{rel}","templated":true}]}}