{"id":114,"date":"2019-05-13T08:13:41","date_gmt":"2019-05-13T08:13:41","guid":{"rendered":"https:\/\/grundejer.com\/?page_id=114"},"modified":"2023-05-03T21:16:32","modified_gmt":"2023-05-03T21:16:32","slug":"ordensreglement","status":"publish","type":"page","link":"https:\/\/xn--strandkrgaard-9fb.dk\/?page_id=114","title":{"rendered":"Ordensreglement"},"content":{"rendered":"\n<p><strong>Strandk\u00e6rgaard Grundejerforenings Ordensregler<\/strong><br> Bestyrelsen har udarbejdet et nyt ordensreglement i oktober 2022 <br> Jf. foreningens vedt\u00e6gter \u00a7 9, \u00a7 10 og \u00a7 11<\/p>\n\n\n\n<ol class=\"wp-block-list\"><li>Enhver grundejer er pligtig til at renholde vejen ud for sin grund, ind til vejens midte, herunder gr\u00e6ssl\u00e5ning af rabatter, stier samt f\u00e6ldning og besk\u00e6ring af bevoksning.<br> Beplantning skal f\u00f8lge kommunens regler. Herunder g\u00e6lder, at h\u00e6k mod vej og sti skal  holdes p\u00e5 egen matrikel.<br>Rabatten skal holdes fri for h\u00e6kke, buske og tr\u00e6er.<\/li><li>P\u00e5 naturgrunde, skal sl\u00e5ning af gr\u00e6s og ukrudt foretages to gange i l\u00f8bet af sommeren.<\/li><li>Grundstykkerne m\u00e5 ikke benyttes til oplagsplads- eller losseplads, herunder uindregistrerede k\u00f8ret\u00f8jer.<\/li><li>P\u00e5 parceller, hvor der er byggeret til opf\u00f8relse af et sommerhus, m\u00e5 der ikke drives erhverv eller lignende fra parcellen.<\/li><li>Hold af k\u00e6ledyr og husdyr f\u00f8lger kommunens regler.<\/li><li>Medlemmer er ansvarlig for skader p\u00e5 den f\u00e6lles vej, opst\u00e5et ved byggeri, flytning og lignende tung k\u00f8rsel, og er pligtig til at erstatte s\u00e5danne skader.<\/li><li>I perioden fra 1. maj \u2013 30. september skal pl\u00e6neklipning og brug af andre st\u00f8jende maskiner foreg\u00e5 inden for f\u00f8lgende tidsrum;<br> Hverdage 7:00 \u2013 19:00<br> L\u00f8rdage    8:00 \u2013 16:00<br> S\u00f8n- og helligdage 8:00 \u2013 12:00<\/li><li>Afbr\u00e6nding f\u00f8lger kommunens vedt\u00e6gter. Der er et generelt afbr\u00e6ndingsforbud.<\/li><li>Motork\u00f8ret\u00f8jers hastighed p\u00e5 omr\u00e5det m\u00e5 ikke overstige 40 km\/t.<br> Dog max. 30 km\/t p\u00e5 veje, hvor der er lokal skiltning.<br> Husk: Det er et rekreativt omr\u00e5de, s\u00e5 v\u00e6rn om naturen, og vis hensyn til dine naboer.<br><br><em>Bestyrelsen d. 28.10.2022<\/em><\/li><\/ol>\n\n\n\n<p><br><br>L\u00e6s evt. de tidligere g\u00e6ldende ordensregler <a href=\"https:\/\/xn--strandkrgaard-9fb.dk\/wp-content\/uploads\/2023\/05\/Tidligere-Ordensreglement.pdf\">HER<\/a><br><\/p>\n\n\n\n<p><\/p>\n\n\n\n<p><strong>Husk: Det er et rekreativt omr\u00e5de, s\u00e5 v\u00e6rn om naturen, og vis hensyn til dine naboer <\/strong><\/p>\n\n\n\n<h4 class=\"wp-block-heading\"><a href=\"https:\/\/xn--strandkrgaard-9fb.dk\">Vend tilbage til forsiden<\/a><\/h4>\n","protected":false},"excerpt":{"rendered":"<p>Strandk\u00e6rgaard Grundejerforenings Ordensregler Bestyrelsen har udarbejdet et nyt ordensreglement i oktober 2022 Jf. foreningens vedt\u00e6gter \u00a7 9, \u00a7 10 og \u00a7 11 Enhver grundejer er pligtig til at renholde vejen ud for sin grund, ind til vejens midte, herunder gr\u00e6ssl\u00e5ning af rabatter, stier samt f\u00e6ldning og besk\u00e6ring af bevoksning. Beplantning skal f\u00f8lge kommunens regler. Herunder &hellip; <\/p>\n<p class=\"link-more\"><a href=\"https:\/\/xn--strandkrgaard-9fb.dk\/?page_id=114\" class=\"more-link\">L\u00e6s videre<span class=\"screen-reader-text\"> &#8220;Ordensreglement&#8221;<\/span><\/a><\/p>\n","protected":false},"author":2,"featured_media":0,"parent":0,"menu_order":1,"comment_status":"closed","ping_status":"closed","template":"","meta":{"footnotes":""},"class_list":["post-114","page","type-page","status-publish","hentry"],"_links":{"self":[{"href":"https:\/\/xn--strandkrgaard-9fb.dk\/index.php?rest_route=\/wp\/v2\/pages\/114","targetHints":{"allow":["GET"]}}],"collection":[{"href":"https:\/\/xn--strandkrgaard-9fb.dk\/index.php?rest_route=\/wp\/v2\/pages"}],"about":[{"href":"https:\/\/xn--strandkrgaard-9fb.dk\/index.php?rest_route=\/wp\/v2\/types\/page"}],"author":[{"embeddable":true,"href":"https:\/\/xn--strandkrgaard-9fb.dk\/index.php?rest_route=\/wp\/v2\/users\/2"}],"replies":[{"embeddable":true,"href":"https:\/\/xn--strandkrgaard-9fb.dk\/index.php?rest_route=%2Fwp%2Fv2%2Fcomments&post=114"}],"version-history":[{"count":13,"href":"https:\/\/xn--strandkrgaard-9fb.dk\/index.php?rest_route=\/wp\/v2\/pages\/114\/revisions"}],"predecessor-version":[{"id":742,"href":"https:\/\/xn--strandkrgaard-9fb.dk\/index.php?rest_route=\/wp\/v2\/pages\/114\/revisions\/742"}],"wp:attachment":[{"href":"https:\/\/xn--strandkrgaard-9fb.dk\/index.php?rest_route=%2Fwp%2Fv2%2Fmedia&parent=114"}],"curies":[{"name":"wp","href":"https:\/\/api.w.org\/{rel}","templated":true}]}}