{"id":119,"date":"2019-05-13T08:18:56","date_gmt":"2019-05-13T08:18:56","guid":{"rendered":"https:\/\/grundejer.com\/?page_id=119"},"modified":"2025-06-15T17:50:33","modified_gmt":"2025-06-15T17:50:33","slug":"generalforsamlinger","status":"publish","type":"page","link":"https:\/\/xn--strandkrgaard-9fb.dk\/?page_id=119","title":{"rendered":"Generalforsamlinger"},"content":{"rendered":"\n<p><strong>2025 Referat fra den ordin\u00e6re generalforsamling<\/strong><br>Bestyrelsen har den 10\/6 2025 frigivet referatet fra den ordin\u00e6re generalforsamling der blev afholdt den 10. maj i Rejsestalden<br>Referatet indeholder ogs\u00e5 formandens beretning. <br>L\u00e6s selv <a href=\"https:\/\/xn--strandkrgaard-9fb.dk\/wp-content\/uploads\/2025\/06\/2025-Referat-fra-generalforsamlingen.pdf\">Referatet<\/a> <\/p>\n\n\n\n<p><strong>2025 Indkaldelse til ordin\u00e6r generalforsamling den 10. maj<br><\/strong>Den 16. april udsendtes indkaldelse til den \u00e5rlige ordin\u00e6re generalforsamling, som afholdes den 10. maj i Rejsestalden.<br>Se indkaldelsen med samtlige bilag <a href=\"https:\/\/xn--strandkrgaard-9fb.dk\/wp-content\/uploads\/2025\/04\/Indkaldelse-GF-2025-med-bilag.pdf\">HER<\/a><\/p>\n\n\n\n<p><strong>2025 Referat fra den ekstraordin\u00e6re generalforsamling<\/strong><br>Bestyrelsen har den 1\/4 2025 udsendt referatet fra den ekstraordin\u00e6re generalforsamling der blev afholdt den 1. marts i Rejsestalden, sammen med et nyhedsbrev. <br>L\u00e6s <a href=\"https:\/\/xn--strandkrgaard-9fb.dk\/wp-content\/uploads\/2025\/04\/Ekstraordin\u00e6r-generalforsamling-2025.pdf\">Referatet<\/a><\/p>\n\n\n\n<p><\/p>\n\n\n\n<p><strong>2025 Indkaldelse til ny ekstraordin\u00e6r generalforsamling den 1. marts<\/strong><br>Bestyrelsen har igen indkaldt til ekstraordin\u00e6r generalforsamling med det ene punkt at behandle den verserende tvist om lovligheden af den udvidede ko-fold.<br><a href=\"https:\/\/xn--strandkrgaard-9fb.dk\/wp-content\/uploads\/2025\/02\/20250208-Dagsorden-Ekstraordin\u00e6r-GF.pdf\">Indkaldelsen<\/a><br><a href=\"https:\/\/xn--strandkrgaard-9fb.dk\/wp-content\/uploads\/2025\/02\/20250208-Bilag-til-dagsorden.pdf\">Dagsorden<\/a><br><a href=\"https:\/\/xn--strandkrgaard-9fb.dk\/wp-content\/uploads\/2025\/02\/20250208-Bilag-til-dagsorden.pdf\">Bestyrelsens bilag<br><\/a><a href=\"https:\/\/xn--strandkrgaard-9fb.dk\/wp-content\/uploads\/2025\/02\/20250208-Responsum-advokat.pdf\">Den juridiske vurdering<br><\/a><a href=\"https:\/\/xn--strandkrgaard-9fb.dk\/wp-content\/uploads\/2025\/02\/20250208-Fuldmagt-eksempel.pdf\">Eksempel p\u00e5 fuldmagt<\/a><\/p>\n\n\n\n<p><\/p>\n\n\n\n<p><strong>2024 Referat fra den ekstraordin\u00e6re generalforsamling<\/strong><br>Bestyrelsen har den 3\/12 2024 frigivet referatet fra den ekstraordin\u00e6re generalforsamling, sammen med en juridisk vurdering af rigtigheden af is\u00e6r de medregnede fuldmagter.<br>Find referatet <a href=\"https:\/\/xn--strandkrgaard-9fb.dk\/wp-content\/uploads\/2024\/12\/Ref.-Ex.gen_.fors_.-26-10-2024.pdf\">HER<\/a><br>og det &#8220;juridiske respondum&#8221; <a href=\"https:\/\/xn--strandkrgaard-9fb.dk\/wp-content\/uploads\/2024\/12\/Juridisk-responsum.pdf\">HER<\/a><\/p>\n\n\n\n<p><\/p>\n\n\n\n<p><strong>Den 26. oktober blev der afholdt ekstraordin\u00e6r generalforsamling i Rejsestalden.<\/strong><br>Der var stort fremm\u00f8de, og Kenneth Jensen blev igen foresl\u00e5et, og valgt til dirigent med akklamation.<br>Et flertal fra bestyrelsen havde fremlagt et dokument med argumenter ved lejligheden. Se dokumentet <a href=\"https:\/\/xn--strandkrgaard-9fb.dk\/wp-content\/uploads\/2024\/10\/Bilag-til-GF-fremlagt-d.-26-10-2024.pdf\"><strong>HER<\/strong><\/a><br>Efter en l\u00e6ngere debat afgjorde en t\u00e6t afstemning at bestyrelsens fremlagte forslag <strong>ikke <\/strong>blev vedtaget af generalforsamlingen.<br>Referat f\u00f8lger n\u00e5r det er godkendt og underskrevet. (red.)<br>(Faktuelt: Der var fremm\u00f8dt 87 stemmeberettigede medlemmer medbringende 58 fuldmagter (= 145 stemmer). Afstemningen var beg\u00e6ret skriftligt, og ved af stemmeafgivelsen blev afgivet 143 stemmesedler hvoraf 106 stemte for forslaget, og 37 stemte imod. Det n\u00f8dvendige 3\/4dels flertal blev dermed ikke opn\u00e5et).<\/p>\n\n\n\n<p><strong>Ekstraordin\u00e6r Generalforsamling!<\/strong><br>Sekret\u00e6ren har den 9\/10 2024 udsendt indkaldelse til<br><strong>Ekstraordin\u00e6r Generalforsamling<\/strong> den 26. oktober 2024 med bilag.<br>Find dokumenterne her.<br><a href=\"https:\/\/xn--strandkrgaard-9fb.dk\/wp-content\/uploads\/2024\/10\/Ekstraordin\u00e6r-generalforsamling-2024.pdf\"><strong>Indkaldelse<\/strong><\/a><strong>    <\/strong><br><a href=\"https:\/\/xn--strandkrgaard-9fb.dk\/wp-content\/uploads\/2024\/10\/Bilag-pdf-rev.-04.10.24-til-ekstraordin\u00e6r-generalforsamling.pdf\"><strong>Bestyrelsens bilag<\/strong><\/a><strong>  <\/strong><br><a href=\"https:\/\/xn--strandkrgaard-9fb.dk\/wp-content\/uploads\/2024\/10\/Fuldmagt-oktober-2024.pdf\"><strong>Fuldmagt<\/strong><\/a><br>  <\/p>\n\n\n\n<p> <\/p>\n\n\n\n<p>2024 Referat fra generalforsamlingen<br>Den 21. maj udsendtes referatet fra \u00e5rets generalforsamling.<br>Find referatet <a href=\"https:\/\/xn--strandkrgaard-9fb.dk\/wp-content\/uploads\/2024\/05\/2024-Referat-fra-generalforsamlingen.pdf\">HER<\/a><\/p>\n\n\n\n<p><\/p>\n\n\n\n<p>2023 Referat fra generalforsamlingen<br>Den 16\/7 blev referatet fra \u00e5rets generalforsamling udsendt fra sekret\u00e6ren.<br>Find referatet  <a href=\"https:\/\/xn--strandkrgaard-9fb.dk\/wp-content\/uploads\/2023\/07\/Referat-af-generalforsamling-ver-2-KEJE.pdf\">HER<\/a> og \u00e5rsrapport og budget <a href=\"https:\/\/xn--strandkrgaard-9fb.dk\/wp-content\/uploads\/2023\/07\/\u00c5rsrapport-og-budget-underskrevet-2023.pdf\">HER<\/a><\/p>\n\n\n\n<p><br><\/p>\n\n\n\n<p><a href=\"https:\/\/xn--strandkrgaard-9fb.dk\/wp-content\/uploads\/2023\/05\/2023-Generalforsamling.pdf\">2023 Generalforsamlingens indkaldelse<\/a><br>&#8211;     <a href=\"https:\/\/xn--strandkrgaard-9fb.dk\/wp-content\/uploads\/2023\/06\/Bestyrelsens-kommentarer-til-forslag-2023.pdf\">Bestyrelsens kommentarer og anbefalinger<\/a><br> <\/p>\n\n\n\n<p><\/p>\n\n\n\n<p><a href=\"https:\/\/xn--strandkrgaard-9fb.dk\/wp-content\/uploads\/2022\/06\/Referat-fra-generalforsamling-2022.pdf\">2022 Referat fra generalforsamlingen<\/a><\/p>\n\n\n\n<p><a href=\"https:\/\/xn--strandkrgaard-9fb.dk\/wp-content\/uploads\/2022\/04\/2022-Generalforsamling-Indkaldelse.pdf\">2022 Generalforsamling indkaldelse<\/a><\/p>\n\n\n\n<p><a href=\"https:\/\/xn--strandkrgaard-9fb.dk\/wp-content\/uploads\/2022\/04\/\u00c5rsrapport-2021_budget-2023-4423.pdf\">2022 \u00c5rsrapport 2021 samt budget 2023<\/a><\/p>\n\n\n\n<p><a href=\"https:\/\/xn--strandkrgaard-9fb.dk\/wp-content\/uploads\/2022\/04\/2022-Udvidelse-af-folden4397.pdf\">2022 Forslag om udvidelse af folden<\/a><\/p>\n\n\n\n<p><a href=\"https:\/\/xn--strandkrgaard-9fb.dk\/wp-content\/uploads\/2022\/04\/2022-Fokus-p\u00e5-trafiksikkerhed-b4420.pdf\">2022 Fokus p\u00e5 trafiksikkerhed<\/a><\/p>\n\n\n\n<p><a href=\"https:\/\/xn--strandkrgaard-9fb.dk\/wp-content\/uploads\/2022\/04\/2022-Container_Vejskel_Skrotbiler_Parkering4462.pdf\">2022 Vejskel, skrotbiler, parkering mm.<\/a><\/p>\n\n\n\n<p><a href=\"https:\/\/xn--strandkrgaard-9fb.dk\/wp-content\/uploads\/2022\/02\/Referat-fra-generalforsamling-2021.pdf\">Referat fra generalforsamlingen 2021<\/a><\/p>\n\n\n\n<p><a href=\"https:\/\/xn--strandkrgaard-9fb.dk\/wp-content\/uploads\/2022\/02\/Strandk\u00e6rg\u00e5rd-\u00e5rsrapport-2020-og-budget-2022.pdf\">\u00c5rsrapport 2020 og budget 2022<\/a><\/p>\n\n\n\n<p><a href=\"https:\/\/xn--strandkrgaard-9fb.dk\/wp-content\/uploads\/2022\/02\/2021-Generalforsamling-indkaldelse.pdf\">2021 Generalforsamling indkaldelse<\/a><\/p>\n\n\n\n<p><a href=\"https:\/\/xn--strandkrgaard-9fb.dk\/wp-content\/uploads\/2020\/11\/Formandens-beretning-og-nyhedsbrev-2019-2020.pdf\">Formandens beretning og nyhedsbrev 2020-2021<\/a><\/p>\n\n\n\n<p><a href=\"https:\/\/xn--strandkrgaard-9fb.dk\/wp-content\/uploads\/2020\/11\/Formandens-beretning-og-nyhedsbrev-2019-2020.pdf\">Formandens beretning oktober 2020<\/a><\/p>\n\n\n\n<p><a href=\"https:\/\/xn--strandkrgaard-9fb.dk\/wp-content\/uploads\/2020\/11\/Strandk\u00e6rg\u00e5rd-\u00e5rsrapport-2019.pdf\">\u00c5rsrapport 2019<\/a><\/p>\n\n\n\n<p><a href=\"https:\/\/xn--strandkrgaard-9fb.dk\/wp-content\/uploads\/2020\/11\/Strandk\u00e6rg\u00e5rd-budgetforslag-2021.pdf\">Budgetforslag 2021<\/a><\/p>\n\n\n\n<div class=\"wp-block-file\"><a href=\"https:\/\/xn--strandkrgaard-9fb.dk\/wp-content\/uploads\/2019\/06\/2019-Referat-GF.pdf\">Referat fra generalforsamlingen 2019<\/a><\/div>\n\n\n\n<div class=\"wp-block-file\"><a href=\"https:\/\/xn--strandkrgaard-9fb.dk\/wp-content\/uploads\/2019\/05\/2019-Generalforsamling-Indkaldelse.pdf\">2019 Generalforsamling Indkaldelse<\/a><\/div>\n\n\n\n<div class=\"wp-block-file\"><a href=\"https:\/\/xn--strandkrgaard-9fb.dk\/wp-content\/uploads\/2019\/05\/\u00c5rsrapport-2018.pdf\">\u00c5rsrapport 2018 og budget 2020&nbsp;<\/a><\/div>\n\n\n\n<div class=\"wp-block-file\"><a href=\"https:\/\/xn--strandkrgaard-9fb.dk\/wp-content\/uploads\/2019\/05\/2018-Referat-GF.pdf\">Referat fra generalforsamlingen 2018<\/a><\/div>\n\n\n\n<div class=\"wp-block-file\"><a href=\"https:\/\/xn--strandkrgaard-9fb.dk\/wp-content\/uploads\/2019\/05\/\u00c5rsrapport-2017-og-budget-2019-1.pdf\">\u00c5rsrapport 2017 og budget 2019<\/a><\/div>\n\n\n\n<div class=\"wp-block-file\"><a href=\"https:\/\/xn--strandkrgaard-9fb.dk\/wp-content\/uploads\/2019\/05\/2017-Referat-GF.pdf\">Referat fra generalforsamlingen 2017<\/a><\/div>\n\n\n\n<div class=\"wp-block-file\"><a href=\"https:\/\/xn--strandkrgaard-9fb.dk\/wp-content\/uploads\/2019\/05\/\u00c5rsrapport-2016-og-budget-2018.pdf\">\u00c5rsrapport 2016 og budget 2018<\/a><\/div>\n\n\n\n<div class=\"wp-block-file\"><a href=\"https:\/\/xn--strandkrgaard-9fb.dk\/wp-content\/uploads\/2019\/05\/2016-Referat-GF.pdf\">Referat fra generalforsamlingen 2016<\/a><\/div>\n\n\n\n<div class=\"wp-block-file\"><a href=\"https:\/\/xn--strandkrgaard-9fb.dk\/wp-content\/uploads\/2019\/05\/\u00c5rsrapport-2015-og-budget-2017-1.pdf\">\u00c5rsrapport 2015 og budget 2017<\/a><\/div>\n\n\n\n<div class=\"wp-block-file\"><a href=\"https:\/\/xn--strandkrgaard-9fb.dk\/wp-content\/uploads\/2019\/05\/2015-Referat-GF.pdf\">Referat fra generalforsamlingen 2015<\/a><\/div>\n\n\n\n<div class=\"wp-block-file\"><a href=\"https:\/\/xn--strandkrgaard-9fb.dk\/wp-content\/uploads\/2019\/05\/\u00c5rsrapport-2014-og-budget-2016-1.pdf\">\u00c5rsrapport 2014 og budget 2016<\/a><\/div>\n\n\n\n<h4 class=\"wp-block-heading\"><a href=\"https:\/\/xn--strandkrgaard-9fb.dk\">Vend tilbage til forsiden<\/a><\/h4>\n","protected":false},"excerpt":{"rendered":"<p>2025 Referat fra den ordin\u00e6re generalforsamlingBestyrelsen har den 10\/6 2025 frigivet referatet fra den ordin\u00e6re generalforsamling der blev afholdt den 10. maj i RejsestaldenReferatet indeholder ogs\u00e5 formandens beretning. L\u00e6s selv Referatet 2025 Indkaldelse til ordin\u00e6r generalforsamling den 10. majDen 16. april udsendtes indkaldelse til den \u00e5rlige ordin\u00e6re generalforsamling, som afholdes den 10. maj i Rejsestalden.Se &hellip; <\/p>\n<p class=\"link-more\"><a href=\"https:\/\/xn--strandkrgaard-9fb.dk\/?page_id=119\" class=\"more-link\">L\u00e6s videre<span class=\"screen-reader-text\"> &#8220;Generalforsamlinger&#8221;<\/span><\/a><\/p>\n","protected":false},"author":2,"featured_media":0,"parent":0,"menu_order":0,"comment_status":"closed","ping_status":"closed","template":"","meta":{"footnotes":""},"class_list":["post-119","page","type-page","status-publish","hentry"],"_links":{"self":[{"href":"https:\/\/xn--strandkrgaard-9fb.dk\/index.php?rest_route=\/wp\/v2\/pages\/119","targetHints":{"allow":["GET"]}}],"collection":[{"href":"https:\/\/xn--strandkrgaard-9fb.dk\/index.php?rest_route=\/wp\/v2\/pages"}],"about":[{"href":"https:\/\/xn--strandkrgaard-9fb.dk\/index.php?rest_route=\/wp\/v2\/types\/page"}],"author":[{"embeddable":true,"href":"https:\/\/xn--strandkrgaard-9fb.dk\/index.php?rest_route=\/wp\/v2\/users\/2"}],"replies":[{"embeddable":true,"href":"https:\/\/xn--strandkrgaard-9fb.dk\/index.php?rest_route=%2Fwp%2Fv2%2Fcomments&post=119"}],"version-history":[{"count":94,"href":"https:\/\/xn--strandkrgaard-9fb.dk\/index.php?rest_route=\/wp\/v2\/pages\/119\/revisions"}],"predecessor-version":[{"id":1180,"href":"https:\/\/xn--strandkrgaard-9fb.dk\/index.php?rest_route=\/wp\/v2\/pages\/119\/revisions\/1180"}],"wp:attachment":[{"href":"https:\/\/xn--strandkrgaard-9fb.dk\/index.php?rest_route=%2Fwp%2Fv2%2Fmedia&parent=119"}],"curies":[{"name":"wp","href":"https:\/\/api.w.org\/{rel}","templated":true}]}}