{"id":13,"date":"2019-05-11T21:28:33","date_gmt":"2019-05-11T21:28:33","guid":{"rendered":"https:\/\/grundejer.com\/?page_id=13"},"modified":"2025-12-28T13:21:50","modified_gmt":"2025-12-28T13:21:50","slug":"bestyrelsen","status":"publish","type":"page","link":"https:\/\/xn--strandkrgaard-9fb.dk\/?page_id=13","title":{"rendered":"Bestyrelsen m.m."},"content":{"rendered":"\n<p><strong>Kontaktoplysninger<\/strong><\/p>\n\n\n\n<p> <strong>\u00c6ndring i bestyrelsen 2025<\/strong><br>Efter den ordin\u00e6re generalforsamling har bestyrelsen konstitueret sig s\u00e5ledes:<br> <\/p>\n\n\n\n<p><strong>Formand: <\/strong>  Mogens Havsteen Jakobsen<br>Koralvej 10<br>Tlf:  51 80 14 82 <br>Mail: <a href=\"mailto:mogenshavsteen@outlook.com\">mogenshavsteen@outlook.com<\/a> <\/p>\n\n\n\n<p style=\"text-align:left\"><strong>N\u00e6stformand: <\/strong> Jan Thykj\u00e6r Kristensen<br>S\u00f8stjernevej 22<br>Tlf: 20 68 31 23<br>Mail: <a href=\"mailto:jantkristensen@gmail.com\">jantkristensen@gmail.com<\/a> &nbsp; <\/p>\n\n\n\n<p><strong>Kasserer\/Sekret\u00e6r: <\/strong> Anne Nyquist-Hansen<br> Muslingevej 9<br>Tlf: 21 68 32 49<br>Mail: <a href=\"mailto:btop@post11.tele.dk\">btop@post11.tele.dk<\/a> <\/p>\n\n\n\n<p><strong>Bestyrelsesmedlem:<\/strong>&nbsp;Jesper Lohse J\u00f8rgensen<br>Strandk\u00e6rvej 5<br>Tlf: 30 48 65 73<br>Mail: <a href=\"jesperlohse@comxnet.dk\">jesperlohse@comxnet.dk<\/a><\/p>\n\n\n\n<p><strong>Bestyrelsesmedlem:<\/strong> Kirsten Forup<br>S\u00f8stjernevej 8<br>Tlf: 20 63 45 68<br>Mail: <a href=\"mailto:kirsten@forup.net\">kirsten@forup.net<\/a>&nbsp; <\/p>\n\n\n\n<p><\/p>\n\n\n\n<p><\/p>\n\n\n\n<p><strong>Bestyrelsessuppleanter:<\/strong><br>Carsten Schmidt Dubgaard Poulsen<br>Gert Dyrlund <br><\/p>\n\n\n\n<p><strong>Revisor: <\/strong>Karsten Froesh\u00f8j<br><\/p>\n\n\n\n<p><strong>Revisorsuppleant: <\/strong> Stine Brendstrup <\/p>\n\n\n\n<p><strong>Webmaster:<\/strong> Carsten Poulsen<br>\u00d8stersvej 2<br>Tlf: 20 71 67 24<\/p>\n\n\n\n<h4 class=\"wp-block-heading\"><a href=\"https:\/\/xn--strandkrgaard-9fb.dk\">Vend tilbage til forsiden<\/a><\/h4>\n","protected":false},"excerpt":{"rendered":"<p>Kontaktoplysninger \u00c6ndring i bestyrelsen 2025Efter den ordin\u00e6re generalforsamling har bestyrelsen konstitueret sig s\u00e5ledes: Formand: Mogens Havsteen JakobsenKoralvej 10Tlf: 51 80 14 82 Mail: mogenshavsteen@outlook.com N\u00e6stformand: Jan Thykj\u00e6r KristensenS\u00f8stjernevej 22Tlf: 20 68 31 23Mail: jantkristensen@gmail.com &nbsp; Kasserer\/Sekret\u00e6r: Anne Nyquist-Hansen Muslingevej 9Tlf: 21 68 32 49Mail: btop@post11.tele.dk Bestyrelsesmedlem:&nbsp;Jesper Lohse J\u00f8rgensenStrandk\u00e6rvej 5Tlf: 30 48 65 73Mail: jesperlohse@comxnet.dk Bestyrelsesmedlem: &hellip; <\/p>\n<p class=\"link-more\"><a href=\"https:\/\/xn--strandkrgaard-9fb.dk\/?page_id=13\" class=\"more-link\">L\u00e6s videre<span class=\"screen-reader-text\"> &#8220;Bestyrelsen m.m.&#8221;<\/span><\/a><\/p>\n","protected":false},"author":2,"featured_media":0,"parent":0,"menu_order":0,"comment_status":"closed","ping_status":"closed","template":"","meta":{"footnotes":""},"class_list":["post-13","page","type-page","status-publish","hentry"],"_links":{"self":[{"href":"https:\/\/xn--strandkrgaard-9fb.dk\/index.php?rest_route=\/wp\/v2\/pages\/13","targetHints":{"allow":["GET"]}}],"collection":[{"href":"https:\/\/xn--strandkrgaard-9fb.dk\/index.php?rest_route=\/wp\/v2\/pages"}],"about":[{"href":"https:\/\/xn--strandkrgaard-9fb.dk\/index.php?rest_route=\/wp\/v2\/types\/page"}],"author":[{"embeddable":true,"href":"https:\/\/xn--strandkrgaard-9fb.dk\/index.php?rest_route=\/wp\/v2\/users\/2"}],"replies":[{"embeddable":true,"href":"https:\/\/xn--strandkrgaard-9fb.dk\/index.php?rest_route=%2Fwp%2Fv2%2Fcomments&post=13"}],"version-history":[{"count":85,"href":"https:\/\/xn--strandkrgaard-9fb.dk\/index.php?rest_route=\/wp\/v2\/pages\/13\/revisions"}],"predecessor-version":[{"id":1226,"href":"https:\/\/xn--strandkrgaard-9fb.dk\/index.php?rest_route=\/wp\/v2\/pages\/13\/revisions\/1226"}],"wp:attachment":[{"href":"https:\/\/xn--strandkrgaard-9fb.dk\/index.php?rest_route=%2Fwp%2Fv2%2Fmedia&parent=13"}],"curies":[{"name":"wp","href":"https:\/\/api.w.org\/{rel}","templated":true}]}}