{"id":281,"date":"2019-05-14T13:21:04","date_gmt":"2019-05-14T13:21:04","guid":{"rendered":"https:\/\/grundejer.com\/?page_id=281"},"modified":"2019-05-14T13:35:12","modified_gmt":"2019-05-14T13:35:12","slug":"foreningens-omraade","status":"publish","type":"page","link":"https:\/\/xn--strandkrgaard-9fb.dk\/?page_id=281","title":{"rendered":"Foreningens omr\u00e5de"},"content":{"rendered":"\n<p>Strandk\u00e6rgaard Grundejerforenings omr\u00e5de<\/p>\n\n\n\n<figure class=\"wp-block-image\"><img loading=\"lazy\" decoding=\"async\" width=\"1024\" height=\"545\" src=\"https:\/\/xn--strandkrgaard-9fb.dk\/wp-content\/uploads\/2019\/05\/Omr\u00e5det-1024x545.jpg\" alt=\"\" class=\"wp-image-285\" srcset=\"https:\/\/xn--strandkrgaard-9fb.dk\/wp-content\/uploads\/2019\/05\/Omr\u00e5det-1024x545.jpg 1024w, https:\/\/xn--strandkrgaard-9fb.dk\/wp-content\/uploads\/2019\/05\/Omr\u00e5det-300x160.jpg 300w, https:\/\/xn--strandkrgaard-9fb.dk\/wp-content\/uploads\/2019\/05\/Omr\u00e5det-768x408.jpg 768w, https:\/\/xn--strandkrgaard-9fb.dk\/wp-content\/uploads\/2019\/05\/Omr\u00e5det.jpg 1117w\" sizes=\"auto, (max-width: 767px) 89vw, (max-width: 1000px) 54vw, (max-width: 1071px) 543px, 580px\" \/><\/figure>\n\n\n\n<p>Strandk\u00e6rgaard Grundejerforenings f\u00e6llesarealer<\/p>\n\n\n\n<figure class=\"wp-block-image\"><img loading=\"lazy\" decoding=\"async\" width=\"637\" height=\"485\" src=\"https:\/\/xn--strandkrgaard-9fb.dk\/wp-content\/uploads\/2019\/05\/faellesarealer.jpg\" alt=\"\" class=\"wp-image-286\" srcset=\"https:\/\/xn--strandkrgaard-9fb.dk\/wp-content\/uploads\/2019\/05\/faellesarealer.jpg 637w, https:\/\/xn--strandkrgaard-9fb.dk\/wp-content\/uploads\/2019\/05\/faellesarealer-300x228.jpg 300w\" sizes=\"auto, (max-width: 637px) 100vw, 637px\" \/><\/figure>\n\n\n\n<h4 class=\"wp-block-heading\"><a href=\"https:\/\/xn--strandkrgaard-9fb.dk\">Vend tilbage til forsiden<\/a><\/h4>\n","protected":false},"excerpt":{"rendered":"<p>Strandk\u00e6rgaard Grundejerforenings omr\u00e5de Strandk\u00e6rgaard Grundejerforenings f\u00e6llesarealer Vend tilbage til forsiden<\/p>\n","protected":false},"author":2,"featured_media":0,"parent":0,"menu_order":0,"comment_status":"closed","ping_status":"closed","template":"","meta":{"footnotes":""},"class_list":["post-281","page","type-page","status-publish","hentry"],"_links":{"self":[{"href":"https:\/\/xn--strandkrgaard-9fb.dk\/index.php?rest_route=\/wp\/v2\/pages\/281","targetHints":{"allow":["GET"]}}],"collection":[{"href":"https:\/\/xn--strandkrgaard-9fb.dk\/index.php?rest_route=\/wp\/v2\/pages"}],"about":[{"href":"https:\/\/xn--strandkrgaard-9fb.dk\/index.php?rest_route=\/wp\/v2\/types\/page"}],"author":[{"embeddable":true,"href":"https:\/\/xn--strandkrgaard-9fb.dk\/index.php?rest_route=\/wp\/v2\/users\/2"}],"replies":[{"embeddable":true,"href":"https:\/\/xn--strandkrgaard-9fb.dk\/index.php?rest_route=%2Fwp%2Fv2%2Fcomments&post=281"}],"version-history":[{"count":6,"href":"https:\/\/xn--strandkrgaard-9fb.dk\/index.php?rest_route=\/wp\/v2\/pages\/281\/revisions"}],"predecessor-version":[{"id":291,"href":"https:\/\/xn--strandkrgaard-9fb.dk\/index.php?rest_route=\/wp\/v2\/pages\/281\/revisions\/291"}],"wp:attachment":[{"href":"https:\/\/xn--strandkrgaard-9fb.dk\/index.php?rest_route=%2Fwp%2Fv2%2Fmedia&parent=281"}],"curies":[{"name":"wp","href":"https:\/\/api.w.org\/{rel}","templated":true}]}}