{"id":39,"date":"2019-05-12T06:29:12","date_gmt":"2019-05-12T06:29:12","guid":{"rendered":"https:\/\/grundejer.com\/?page_id=39"},"modified":"2024-05-23T06:26:49","modified_gmt":"2024-05-23T06:26:49","slug":"links","status":"publish","type":"page","link":"https:\/\/xn--strandkrgaard-9fb.dk\/?page_id=39","title":{"rendered":"Links"},"content":{"rendered":"\n<p><a href=\"https:\/\/www.frederikssund.dk\/\">Frederikssund Kommune<\/a><\/p>\n\n\n\n<p><a href=\"https:\/\/www.visitfjordlandet.dk\/omraade\/frederikssund\/\">Visit Frederikssund<\/a><\/p>\n\n\n\n<p><a href=\"https:\/\/webkort.frederikssund.dk\/spatialmap\">Det digitale kommunekort<\/a><\/p>\n\n\n\n<p><a href=\"https:\/\/www.vejdirektoratet.dk\/kronprinsesse-marys-bro\">Kronprinsesse Marys Bro<\/a><\/p>\n\n\n\n<p><a href=\"https:\/\/www.vejdirektoratet.dk\/kronprins-frederiks-bro\">Kronprins Frederiks Bro<\/a><\/p>\n\n\n\n<p><a href=\"http:\/\/www.overdraabystrand.dk\/\">Grundejerforeningen Over Dr\u00e5by Strand<\/a><\/p>\n\n\n\n<p><a href=\"http:\/\/www.gffjordvang.dk\/\">Fjordvang Grundejerforening<\/a><\/p>\n\n\n\n<p><a href=\"https:\/\/xn--strandkrgaard-9fb.dk\">Strandk\u00e6rg\u00e5rd Grundejerforening<\/a><\/p>\n\n\n\n<p><a href=\"https:\/\/vedstrandgaarden.dk\/\">Ved Strandg\u00e5rden Grundejerforening<\/a><\/p>\n\n\n\n<p><a href=\"https:\/\/gf-strandhoejgaard.dk\/\">Strandh\u00f8jg\u00e5rd Grundejerforening<\/a><\/p>\n\n\n\n<figure class=\"wp-block-image\"><img loading=\"lazy\" decoding=\"async\" width=\"1009\" height=\"801\" src=\"https:\/\/xn--strandkrgaard-9fb.dk\/wp-content\/uploads\/2024\/05\/image.png\" alt=\"\" class=\"wp-image-910\" srcset=\"https:\/\/xn--strandkrgaard-9fb.dk\/wp-content\/uploads\/2024\/05\/image.png 1009w, https:\/\/xn--strandkrgaard-9fb.dk\/wp-content\/uploads\/2024\/05\/image-300x238.png 300w, https:\/\/xn--strandkrgaard-9fb.dk\/wp-content\/uploads\/2024\/05\/image-768x610.png 768w\" sizes=\"auto, (max-width: 767px) 89vw, (max-width: 1000px) 54vw, (max-width: 1071px) 543px, 580px\" \/><\/figure>\n\n\n\n<h4 class=\"wp-block-heading\"><a href=\"https:\/\/xn--strandkrgaard-9fb.dk\">Vend tilbage til forsiden<\/a><\/h4>\n","protected":false},"excerpt":{"rendered":"<p>Frederikssund Kommune Visit Frederikssund Det digitale kommunekort Kronprinsesse Marys Bro Kronprins Frederiks Bro Grundejerforeningen Over Dr\u00e5by Strand Fjordvang Grundejerforening Strandk\u00e6rg\u00e5rd Grundejerforening Ved Strandg\u00e5rden Grundejerforening Strandh\u00f8jg\u00e5rd Grundejerforening Vend tilbage til forsiden<\/p>\n","protected":false},"author":2,"featured_media":0,"parent":0,"menu_order":0,"comment_status":"closed","ping_status":"closed","template":"","meta":{"footnotes":""},"class_list":["post-39","page","type-page","status-publish","hentry"],"_links":{"self":[{"href":"https:\/\/xn--strandkrgaard-9fb.dk\/index.php?rest_route=\/wp\/v2\/pages\/39","targetHints":{"allow":["GET"]}}],"collection":[{"href":"https:\/\/xn--strandkrgaard-9fb.dk\/index.php?rest_route=\/wp\/v2\/pages"}],"about":[{"href":"https:\/\/xn--strandkrgaard-9fb.dk\/index.php?rest_route=\/wp\/v2\/types\/page"}],"author":[{"embeddable":true,"href":"https:\/\/xn--strandkrgaard-9fb.dk\/index.php?rest_route=\/wp\/v2\/users\/2"}],"replies":[{"embeddable":true,"href":"https:\/\/xn--strandkrgaard-9fb.dk\/index.php?rest_route=%2Fwp%2Fv2%2Fcomments&post=39"}],"version-history":[{"count":19,"href":"https:\/\/xn--strandkrgaard-9fb.dk\/index.php?rest_route=\/wp\/v2\/pages\/39\/revisions"}],"predecessor-version":[{"id":913,"href":"https:\/\/xn--strandkrgaard-9fb.dk\/index.php?rest_route=\/wp\/v2\/pages\/39\/revisions\/913"}],"wp:attachment":[{"href":"https:\/\/xn--strandkrgaard-9fb.dk\/index.php?rest_route=%2Fwp%2Fv2%2Fmedia&parent=39"}],"curies":[{"name":"wp","href":"https:\/\/api.w.org\/{rel}","templated":true}]}}