{"id":41,"date":"2019-05-12T06:29:40","date_gmt":"2019-05-12T06:29:40","guid":{"rendered":"https:\/\/grundejer.com\/?page_id=41"},"modified":"2026-04-02T16:38:53","modified_gmt":"2026-04-02T16:38:53","slug":"opslagstavlen","status":"publish","type":"page","link":"https:\/\/xn--strandkrgaard-9fb.dk\/?page_id=41","title":{"rendered":"Nyheder"},"content":{"rendered":"\n<p><em>Postet den 10. marts 2026<\/em><br>Dispensation for fold- og dyrehold i sommerhusomr\u00e5de &#8211; dateret den 2. april 2023<br><a href=\"https:\/\/grundejer.com\/wp-content\/uploads\/2026\/03\/Fr.-Sund-K.-Dispensation-til-fold-og-dyrehold-i-sommerhusomraade.pdf\">https:\/\/grundejer.com\/wp-content\/uploads\/2026\/03\/Fr.-Sund-K.-Dispensation-til-fold-og-dyrehold-i-sommerhusomraade.pdf<\/a><\/p>\n\n\n\n<p><em>Postet den 1. marts 2026<\/em><br>Hegnsaftale vedr. matrikel 6fu, Over Dr\u00e5by Strand &#8211; g\u00e6ldende for perioden 1. maj 2025 &#8211; 31. december 2027<br><a href=\"https:\/\/grundejer.com\/wp-content\/uploads\/2026\/03\/2025_05_08_hegnsaftale-1.pdf\">2025_05_08_hegnsaftale<\/a><\/p>\n\n\n\n<p><em>Postet den 26. januar 2026<\/em><br>Der er indkaldt til ordin\u00e6rt bestyrelsesm\u00f8de den 22. februar 2026.<br><\/p>\n\n\n\n<p><em>Postet den 20. december 2025<\/em><br>Meddelelse fra Fjordgruppen er tilf\u00f8jet med 3 dokumenter.<br>L\u00e6s dokumenterne under: <a rel=\"noreferrer noopener\" aria-label=\" (\u00e5bner i en ny fane)\" href=\"https:\/\/xn--strandkrgaard-9fb.dk\/?page_id=217\" target=\"_blank\"><strong>Kystsikring<\/strong><\/a><\/p>\n\n\n\n<p><em>Postet den 19. juni 2025<\/em><br>Der er udsendt nyhedsbrev om den nye kv\u00e6gbes\u00e6tning i folden.<br>Find nyhedsbrevet under <strong>Foreningen\/Dokumenter<\/strong><br>L\u00e6s ogs\u00e5 selv mere om den nye kv\u00e6grace under <strong><a href=\"https:\/\/xn--strandkrgaard-9fb.dk\/?page_id=764\">Natur\/Naturpleje p\u00e5 Strandengen<\/a><\/strong><br><\/p>\n\n\n\n<p><em>Postet den 15. juni 2025<\/em><br>Der er udsendt referat fra \u00e5rets ordin\u00e6re generalforsamling.<br>L\u00e6s det under <strong>Foreningen\/Generalforsamlinger<\/strong><\/p>\n\n\n\n<p><em>Postet den 30. maj 2025<\/em><br>Der er udsendt et nyhedsbrev omhandlende en planlagt f\u00e6lles arbejdsdag d. 21. juni 2025 med efterf\u00f8lgende frokost.<br>L\u00e6s nyhedsbrevet under <strong>Foreningen\/Dokumenter<\/strong><\/p>\n\n\n\n<p><em>Postet den 12. maj 2025<\/em><br>Som lovet p\u00e5 generalforsamlingen vil bestyrelsen fremover tilstr\u00e6be at annoncere kommende bestyrelsesm\u00f8der her p\u00e5 siden.<br><strong>N\u00e6ste bestyrelsesm\u00f8de er s\u00e5ledes den 24. maj 2025<\/strong>. <\/p>\n\n\n\n<p><em>Postet den 17. april 2025<\/em><br>Der er den 16. april udsendt indkaldelse til den \u00e5rlige generalforsamling.<br>Se mere under&nbsp;<strong><a href=\"https:\/\/xn--strandkrgaard-9fb.dk\/?page_id=119\">Foreningen\/Generalforsamlinger<\/a><\/strong><a href=\"https:\/\/xn--strandkrgaard-9fb.dk\/?page_id=119\"> <\/a><\/p>\n\n\n\n<p><em>Postet den 10. april 2025<\/em><br>Bestyrelsen i vores forening har sammen med de 4 andre grundejerforeninger i omr\u00e5det indg\u00e5et en aftale om drift af hjertestartere i omr\u00e5det.<br>Se samarbejdets dokumenter under&nbsp;<strong>Foreningen\/Dokumenter<\/strong><br>og yderligere oplysninger om hjertestartere under <strong><a href=\"https:\/\/xn--strandkrgaard-9fb.dk\/?page_id=465\">Tryghed<\/a><\/strong><\/p>\n\n\n\n<p><em>Postet den 3. april 202<\/em>5 <br>Den 1. april udsendte bestyrelsen referat fra den ekstraordin\u00e6re generalforsamling samt nyt Nyhedsbrev.<br>Se referatet under&nbsp;<strong>Foreningen\/Generalforsamlinger<\/strong><br>og Nyhedsbrevet <a href=\"https:\/\/xn--strandkrgaard-9fb.dk\/wp-content\/uploads\/2025\/04\/Nyhedsbrev-marts-2025.pdf\">her<\/a><\/p>\n\n\n\n<p><em>Postet den 23. februar 202<\/em>5<br><strong>Meddelelse fra bestyrelsen<\/strong><br>Diana Larsen er tr\u00e5dt ud af bestyrelsen d 24-01-2025 og  1. suppleant Mogens Havsten Jakobsen er tr\u00e5dt ind i bestyrelsen.<br>Vh Jan  <\/p>\n\n\n\n<p><em>Postet den 15. februar 202<\/em>5<br>Bestyrelsen har d. 8. februar udsendt indkaldelse til en ny ekstraordin\u00e6r generalforsamling den 1. marts 2025.<br>Find materialet under <a href=\"https:\/\/xn--strandkrgaard-9fb.dk\/?page_id=119\"><strong>Foreningen\/Generalforsamlinger.<\/strong><\/a><strong> <\/strong><\/p>\n\n\n\n<p><em>Postet den 23. januar 202<\/em>5<br>Der er d. 18. januar udsendt nyhedsbrev fra bestyrelsen med informationer om en ny Ekstraordin\u00e6r Generalforsamling den 1. marts 2025.<br>Nyhedsbrevets v\u00e6sentligste indhold er en opdatering om den verserende og evt. kommende retssag(er) mellem bestyrelsen og nogle medlemmer i sagen om bevarelse af den omstridte udvidelse af kv\u00e6g-folden.<br>L\u00e6s nyhedsbrevet<strong> <a href=\"https:\/\/xn--strandkrgaard-9fb.dk\/wp-content\/uploads\/2025\/01\/Nyhedsbrev-2025.01.18-pdf.pdf\">HER <\/a><\/strong><a href=\"https:\/\/xn--strandkrgaard-9fb.dk\/wp-content\/uploads\/2025\/01\/Nyhedsbrev-2025.01.18-pdf.pdf\"><strong> <\/strong><\/a><\/p>\n\n\n\n<p><em>Postet den 4. december 2024<\/em><br>Bestyrelsen har besluttet ikke at rette sig efter afstemningen p\u00e5 den ekstraordin\u00e6re generalforsamling.<br>Beslutningen er taget efter at bestyrelsen har f\u00e5et foretaget en juridisk vurdering af is\u00e6r forholdet omkring de anvendte fuldmagter.<br>L\u00e6s referatet og den juridiske vurdering under <a href=\"https:\/\/xn--strandkrgaard-9fb.dk\/?page_id=119\">Foreningen\/Generalforsamlinger<\/a><br><br>Bestyrelsen har samtidig benyttet lejligheden til at udsende et nyhedsbrev.<br>Det finder du som altid under <a href=\"https:\/\/xn--strandkrgaard-9fb.dk\/?page_id=840\">Foreningen\/dokumenter<\/a><\/p>\n\n\n\n<p><em>Postet den 27. oktober 2024 <\/em><br>Du finder e<em>t kort resume af den Ekstraordin\u00e6re Generalforsamling under menupunktet: <\/em><strong>Foreningen\/Generalforsamlinger<\/strong><em> (red.)<\/em><\/p>\n\n\n\n<p><em>Postet den 13. oktober 2024 <\/em><br>Sekret\u00e6ren har den 9\/10 2024 udsendt indkaldelsen til<br><strong>Ekstraordin\u00e6r Generalforsamling<\/strong>&nbsp;den 26. oktober 2024 med bilag.<br>Find dokumenterne <a href=\"https:\/\/xn--strandkrgaard-9fb.dk\/?page_id=119\">HER<\/a><\/p>\n\n\n\n<p><em>Postet den 29. september 2024<\/em><br><strong>Nyhedsbrev fra bestyrelsen<\/strong> med varsel om<br><strong>EKSTRAORDIN\u00c6R GENERALFORSAMLING L\u00d8RDAG D. 26. OKTOBER KL. 11.00<\/strong> find det <a href=\"https:\/\/xn--strandkrgaard-9fb.dk\/?page_id=840\">HER<\/a><\/p>\n\n\n\n<p><em>Postet den 20. september 2024<\/em><br><strong>Opdatering vedr. retssagen<\/strong><br><em>Retten i Hiller\u00f8d har afsagt Dom den 11. september 2024.&nbsp;Thi kendes for ret: Strandk\u00e6rgaard Grundejerforening repr\u00e6senteret ved bestyrelsen skal anerkende, at beslutningen p\u00e5 Strandk\u00e6rgaard Grundejerforenings generalforsamling den 30. april 2022, pkt. 5, om udvidelse af dyrefolden er ugyldig som stridende mod Strandk\u00e6rgaard Grundejerforenings vedt\u00e6gter.<br><\/em><br>Se hele afg\u00f8relsen <a href=\"https:\/\/xn--strandkrgaard-9fb.dk\/?page_id=924\">HER<\/a><\/p>\n\n\n\n<p><em>Postet den 4. august 2024<\/em><br><em><strong>Nyt fra formanden<\/strong><\/em><br>Der har v\u00e6ret arbejdet p\u00e5 at g\u00f8re ko-folden mere fremkommelig, nu da der ikke mere er kv\u00e6g i folden. Se formandens statusberetning <a href=\"https:\/\/xn--strandkrgaard-9fb.dk\/?page_id=924\">HER<\/a><\/p>\n\n\n\n<p class=\"has-text-align-left\"><em>Postet den 19. juli 2024<\/em><br><em>Nyt fra bestyrelsen<\/em><br> <strong>K\u00f8erne er taget hjem for i \u00e5r. <\/strong><br>Bestyrelsen har i enighed med Jens Ross, som ejer dyrene p\u00e5 strandengen, besluttet at tage dyrene hjem fra folden p\u00e5 grund af gentagne l\u00f8se hunde som nu har resulteret i et uheld med personskade. <\/p>\n\n\n\n<p><em>Postet den 21. maj 2024<\/em><br><strong>Referatet fra \u00e5rets generalforsamling foreligger nu.<\/strong><br>Find det under menupunktet foreningen\/generalforsamlinger<br>Bem\u00e6rk at der er \u00e6ndringer i bestyrelsen <a href=\"https:\/\/xn--strandkrgaard-9fb.dk\/?page_id=13\">SE<\/a><\/p>\n\n\n\n<p class=\"has-text-align-left\"><em>Postet den 25. april 2024<\/em><br><strong>Sommerens kv\u00e6gbes\u00e6tning er nu ankommet den 22. april<\/strong><br><img loading=\"lazy\" decoding=\"async\" width=\"250\" height=\"129\" class=\"wp-image-883\" style=\"width: 250px;\" src=\"https:\/\/xn--strandkrgaard-9fb.dk\/wp-content\/uploads\/2024\/04\/Ko-med-kalv.jpg\" alt=\"\" srcset=\"https:\/\/xn--strandkrgaard-9fb.dk\/wp-content\/uploads\/2024\/04\/Ko-med-kalv.jpg 379w, https:\/\/xn--strandkrgaard-9fb.dk\/wp-content\/uploads\/2024\/04\/Ko-med-kalv-300x155.jpg 300w\" sizes=\"auto, (max-width: 250px) 100vw, 250px\" \/><br><strong>VIGTIG INFO<\/strong>!.   Denne gang er der dr\u00e6gtige k\u00f8er i bes\u00e6tningen, hvorfor s\u00e6rlig forsigtig m\u00e5 udvises. L\u00e6s mere under <a href=\"https:\/\/xn--strandkrgaard-9fb.dk\/?page_id=764\">Natur\/Naturpleje p\u00e5 strandengen<\/a><\/p>\n\n\n\n<p><em>Postet den 20. april 2024<\/em><br><strong>Indkaldelse til Generalforsamling d. 4. maj 2024<\/strong><br>Den 18, april 2024 blev der udsendt indkaldelse til \u00e5rets generalforsamling med tilh\u00f8rende dokumenter.<br>Du finder den <a href=\"https:\/\/xn--strandkrgaard-9fb.dk\/?page_id=840\">her<\/a>, eller under menupunktet: Foreningen\/Dokumenter<\/p>\n\n\n\n<p><em>Postet den 20. juli 2023<\/em><br><strong>Referat fra generalforsamlingen 2023<\/strong><br>Den 16\/7 blev referatet fra \u00e5rets generalforsamling udsendt fra sekret\u00e6ren.<br>Find dokumentet under Foreningen\/Generalforsamlinger eller direkte&nbsp;<a href=\"https:\/\/xn--strandkrgaard-9fb.dk\/wp-content\/uploads\/2023\/07\/Referat-af-generalforsamling-ver-2-KEJE.pdf\">HER<\/a> <\/p>\n\n\n\n<p><em>Postet den 4. maj 2023<\/em><br><strong>Indkaldelse til Generalforsamling d. 6. maj 2023<\/strong><br>Her finder du indkaldelse til den kommende Generalforsamling, sammen med \u00e5rsberetning og forslag til behandling under forsamlingen.<br><a href=\"https:\/\/xn--strandkrgaard-9fb.dk\/wp-content\/uploads\/2023\/05\/2023-Generalforsamling.pdf\">L\u00e6s og download det hele her.<\/a><\/p>\n\n\n\n<p><em>Postet den 28. januar 2023<\/em><br><strong>Dispensation vedr\u00f8rende udvidelse af ko-folden p\u00e5 Strandengen.<\/strong><br>Bestyrelsen har f\u00e5et dispensation af Frederikssund Kommune til at lave en udvidelse af ko-folden fra ca. 2 ha til ca. 3,2 ha., nu ogs\u00e5 omfattende Grundejerforeningens f\u00e6llesomr\u00e5de foran grundene p\u00e5 S\u00f8tungevej 1, 3, 5 og 7.<br><a href=\"https:\/\/xn--strandkrgaard-9fb.dk\/wp-content\/uploads\/2023\/01\/Dispensation-til-fold.pdf\">L\u00e6s selv hele dispensationen med argumenter og indsigelser HER<\/a><em> <\/em><\/p>\n\n\n\n<p><em>Postet den 27.1.2023<\/em><br><strong>Dialogm\u00f8de vedr\u00f8rende den p\u00e5t\u00e6nkte udvidelse af folden.<\/strong><br>Bestyrelsen har udsendt invitation til alle grundejere i vores forening ang\u00e5ende et dialogm\u00f8de l\u00f8rdag d, 4\/2\/2023 kl. 09:30 p\u00e5 b\u00e5depladsen vedr\u00f8rende den p\u00e5t\u00e6nkte udvidelse af gr\u00e6sningsfolden p\u00e5 strandengen.<br><a href=\"https:\/\/xn--strandkrgaard-9fb.dk\/wp-content\/uploads\/2023\/01\/Dialogm%C3%B8de-Strandengen-04_02_2023-1.pdf\">Se den HER<\/a><\/p>\n\n\n\n<p><em>Postet den 31.10.2022<\/em><br><strong>Orientering om nye Ordensregler fra bestyrelsen.<\/strong><br>Bestyrelsen har udarbejdet et nyt s\u00e6t Ordensregler for vores omr\u00e5de.<br>Se de nye og tidligere g\u00e6ldende <a href=\"https:\/\/xn--strandkrgaard-9fb.dk\/?page_id=114\">HER<\/a><\/p>\n\n\n\n<p><em>Postet den 25.10.2022<\/em><br><strong>Orientering om vakance i bestyrelsen.<\/strong><br>Bestyrelsen har meddelt til hjemmesiden, at vores kasserer gennem en \u00e5rr\u00e6kke har \u00f8nsket at udtr\u00e6de af bestyrelsen. <strong>Tak for din indsats Niels.<\/strong><br>Kirsten Forup har overtaget det vigtige kassererjob, og sekret\u00e6rposten er pt. ikke besat, hvorfor eventuelle henvendelser m\u00e5 stiles til formanden.<br>Bestyrelsen har valgt at supplere sig med Henrik Dethlefsen for resten af indev\u00e6rende valgperiode.<\/p>\n\n\n\n<p><em>Postet den 25.4.2022<\/em><br><strong>Orientering fra bestyrelsen<\/strong><br>L\u00e6s det <a href=\"https:\/\/xn--strandkrgaard-9fb.dk\/wp-content\/uploads\/2022\/09\/Orientering-fra-bestyrelsen-sept-2022.pdf\">HER<\/a><\/p>\n\n\n\n<p><em>Postet den 16.4.2022<\/em><br><strong>Vigtige dokumenter fra bestyrelsen<\/strong><br><br><a href=\"https:\/\/xn--strandkrgaard-9fb.dk\/?page_id=119\">Nye dokumenter tilg\u00e6ngelige<\/a><br>Indkaldelse til Generalforsamling 2022<br>\u00c5rsrapport 2021 og Budget 2023<br>Forslag til generalforsamlingen vedr. udvidelse af folden<br>Vigtige dokumenter fra bestyrelsen vedr. trafiksikkerhed, besk\u00e6ring, parkering m.m.<\/p>\n\n\n\n<p><\/p>\n\n\n\n<p><em>Postet den 18.2.2022<\/em><br><strong>Henstilling fra bestyrelsen vedr. besk\u00e6ring langs vore veje m.m.<\/strong><br><br>K\u00e6re alle grundejere<br>Det er efterh\u00e5nden tid at efterse bevoksningen langs veje og stier.<br>Bestyrelsen vil i den kommende tid bev\u00e6ge sig rundt i omr\u00e5det for at besigtige og vejlede mht. besk\u00e6ring, s\u00e5 vores dejlige omr\u00e5de kan v\u00e6re til gl\u00e6de for os alle.<br>Er du i tvivl om de regler der g\u00e6lder, kan du finde de aktuelle regler p\u00e5 dette <a href=\"https:\/\/xn--strandkrgaard-9fb.dk\/wp-content\/uploads\/2022\/02\/Besk\u00e6ring-af-tr\u00e6er-skitse.pdf\">LINK<\/a><\/p>\n\n\n\n<p><\/p>\n\n\n\n<p><em>Postet den 2.11.2020<\/em><br> <strong>Nyhedsbrev fra formanden vedr. \u00e5rsrapport, regnskab m.m.<\/strong> <br><br> K\u00e6re alle<br> Dette \u00e5r er jo blevet lidt anderledes i forhold til de andre \u00e5r, ogs\u00e5 i vores grundejerforening. Vi har ventet og ventet og h\u00e5bet, at vi kunne holde vores generalforsamling sidst p\u00e5 \u00e5ret, men vi er blevet enige om i bestyrelsen, at det ikke er sikkert for nogle af os. <br> Vi ville aldrig tilgive os selv, hvis det viste sig, at nogle blev smittet. S\u00e5 vi m\u00e5 vente med at holde generalforsamling til n\u00e6ste \u00e5r. Der h\u00e5ber vi, at Corona er mildere eller forsvundet, samt det er tilladt til den tid at m\u00f8des. . . . . . . . .<br><br>L\u00e6s hele beretningen og se regnskabet og budgettet <a href=\"https:\/\/xn--strandkrgaard-9fb.dk\/?page_id=119&amp;preview_id=119&amp;preview_nonce=5e915aaf8f&amp;preview=true\">HER<\/a> <br><\/p>\n\n\n\n<p><br><em>Postet den 15.4.2020<\/em><br><strong>Nyt fra formanden vedr. fibernet<\/strong><br><br>K\u00e6re alle.<br>Jeg h\u00e5ber&nbsp;I har haft en god P\u00e5ske.<br>Vi har f\u00e5et en mail fra Novomatrix.dk, de l\u00e6gger fibernet ned.<br>De oplyser, at vi ligger i et omr\u00e5de, hvor det er muligt at f\u00e5 lagt fibernet ned.<br>Novomatrix har lavet en Facebookside, hvor vi kan blive medlemmer.<br>Det er en m\u00e5de, hvor at vi viser den f\u00f8rste interesse vedr. medlemskab.<br>LINK TIL GRUPPEN:&nbsp; <a aria-label=\" (\u00e5bner i en ny fane)\" rel=\"noreferrer noopener\" href=\"https:\/\/www.facebook.com\/groups\/2263064157332442\/?notif_id=1586070002992431&amp;notif_t=groups_more_posts_in_new_group\" target=\"_blank\">https:\/\/www.facebook.com\/groups\/2263064157332442\/?notif_id=1586070002992431&amp;notif_t=groups_more_posts_in_new_group<\/a><br>Pris pr. grundejer:<br>Etablering kr. 2.500,-<br>Abonnement kr. 199,- pr. mdr. for 100\/100 Mbit<br>Abonnement kr. 250,-&nbsp;pr. mdr. for 500\/500 Mbit<br>Abonnementet kan s\u00e6ttes p\u00e5 dvale om vinteren, max 6 mdr.<br><br>N\u00e5r virussen har raset af, vil firmaet m\u00f8des med os grundejere, for en snak om fibernet. Jeg h\u00e5ber mange af jer vil st\u00f8tte op om det, da det er fremtiden.<br><br>Med venlig hilsen<br>Formand  Diana Larsen <br><br><\/p>\n\n\n\n<p><em>Postet den 28.3.2020<\/em><br><strong>Nyt fra formanden<br><\/strong><br>K\u00e6re alle.<br>Jeg h\u00e5ber virkelig, at I passer godt p\u00e5 jer selv og jeres familier i disse tider med Corona virussen.<br>Her t\u00e6nker jeg, f\u00f8lg sundhedsmyndighedernes anbefalinger. Sprit sprit og sprit, undg\u00e5r st\u00f8rre forsamlinger, host og nys i \u00e6rmet, glem alt om kys og kram for en tid, ikke for t\u00e6t p\u00e5 andre mennesker fysisk. Bliv hjemme hvis I kan.<br>Hvis b\u00f8rneb\u00f8rnene bliver syge, s\u00e5 t\u00e6nk jer om, inden I tilbyder jer som barnepige.<br>Ligeledes nu der er lukket for skoler og daginstitutioner, for mange af os er jo i risikogruppen, alts\u00e5 \u00e6ldre eller kronisk syge. Alt sammen for at forhale processen, s\u00e5 ikke vi oplever et s\u00e5 stort boom af syge med Corona, s\u00e5 sundhedsv\u00e6senet ikke kan f\u00f8lge med, ikke har sygehuspladser nok, ikke har respiratorer nok og ikke plejepersonale nok.<br>Allerede nu kniber det med v\u00e6rnemidler, det er s\u00e5 uhyggeligt og vi har jo ikke set toppen af isbjerget endnu, men vi kan se, hvad der sker ude i verden. Mange af os undg\u00e5r nok ikke at f\u00e5 Corona p\u00e5 et tidspunkt, men forh\u00e5bentlig er det indenfor overskuelig fremtid med en vaccine, men indtil da, pas nu godt p\u00e5 jer selv og tag jeres forholdsregler.<br>Jeg har talt med SuperBrugsen i J\u00e6gerspris. De k\u00f8rer ikke ud med varer I kan pr\u00f8ve https:\/\/butik.mad.coop.dk\/ eller https:\/\/www.nemlig.com\/ <br>K\u00f8rer I ud at handle, s\u00e5 g\u00f8r det 1 person og ikke hele familien, ring til naboen om de mangler noget, hj\u00e6lp hvor I kan. <br>Generalforsamlingen i maj mdr., skal vi jo nok ikke regne med bliver aktuel, m\u00e5ske skal den rykkes til juni, juli eller august, hvem ved. Det vil den n\u00e6ste tid vise og vi skal nok melde det ud herinde, p\u00e5 vores hjemmeside.<br>Venlig hilsen<br>Formand Diana Larsen<br><br><\/p>\n\n\n\n<p><em>Postet den 1.2.2020<\/em><br><strong>Vigtige nyheder fra bestyrelsen<\/strong><br><br>Broerne p\u00e5 Strandengen:<br>Bestyrelsen&nbsp;har arbejdet p\u00e5 at finde en t\u00f8mrer, der kan bygge en holdbar l\u00f8sning af nye broer ved strandengen.<br>Det er nu lykkedes,&nbsp;og i l\u00f8bet af for\u00e5ret bliver der sat 3 nye broer op.<br>Det bliver s\u00e5 flot og de bliver t\u00f8jret s\u00e5 de ikke&nbsp;flyder&nbsp;v\u00e6k i tilf\u00e6lde af en ny Bodil.<br><br>B\u00e5de ved &#8220;Stejlepladsen&#8221;:<br>Vi har en henstilling til jer, som har b\u00e5de liggende ned ved strandengen ved den store p-plads. <br>B\u00e5de skal markeres med navn og telefon nummer inden d 1 juli 2020, da de ellers vil blive fjernet fra omr\u00e5det.<br><br>Arbejdsdag:<br>I m\u00e5 godt reservere l\u00f8rdag d 16. maj 2020 kl 10.00<br>Der planl\u00e6gger vi arbejdsdag med l\u00e6kker frokost bagefter.<br><br>P\u00e5 bestyrelsens vegne<br>Venlig hilsen<br>Formand  Diana Larsen<br><\/p>\n\n\n\n<p><br><em>Postet den 16.1.2020<\/em><br><strong>M\u00f8de i kommunens kontaktudvalg<\/strong><br><br>I oktober 2019 var der igen traditionelt m\u00f8de i kommunens &#8220;Sommerhuskontaktudvalg&#8221;.<br>F\u00f8lg selv med i arbejdet <a href=\"https:\/\/xn--strandkrgaard-9fb.dk\/?page_id=439\">HER<\/a><br><br><\/p>\n\n\n\n<p><em>Postet den 22.12.2019<\/em><br><br><strong>Julehilsen fra formanden !<\/strong><br>K\u00e6re alle                                   <img loading=\"lazy\" decoding=\"async\" width=\"75\" height=\"105\" class=\"wp-image-533\" style=\"width: 75px;\" alt=\"\" src=\"https:\/\/xn--strandkrgaard-9fb.dk\/wp-content\/uploads\/2019\/12\/image.png\" srcset=\"https:\/\/xn--strandkrgaard-9fb.dk\/wp-content\/uploads\/2019\/12\/image.png 244w, https:\/\/xn--strandkrgaard-9fb.dk\/wp-content\/uploads\/2019\/12\/image-214x300.png 214w\" sizes=\"auto, (max-width: 75px) 100vw, 75px\" \/><br>P\u00e5 bestyrelsens vegne, vil jeg \u00f8nske jer alle en gl\u00e6delig jul, samt et godt nyt\u00e5r.<br>Vi har nu f\u00e5et hjertestarteren sat op og jer som har v\u00e6ret forbi vil se, at grundejerens h\u00e6k er klippet kraftigt ind. Det bad elektrikeren om, s\u00e5 han kunne komme til at grave el-skab ned og h\u00e6kken gror jo ud igen.<br>Vi s\u00f8rger selvf\u00f8lgelig for at tilmelde hjertestarteren, s\u00e5 alle hjertel\u00f8bere og Falck ved, hvor den st\u00e5r.<br>(L\u00e6s selv mere under menupunktet Tryghed <a href=\"https:\/\/xn--strandkrgaard-9fb.dk\/?page_id=465\">HER<\/a> <em>red.<\/em>)<br><br>Mange af os er tilmeldt Nabohj\u00e6lp og har App\u00b4en p\u00e5 vores mobiler. Der er \u00e5benbart en del aktivitet herude i vores forening og jeg vil bede jer passe godt p\u00e5 jer selv og hinanden, og at sikre jeres huse.<br>Er I ikke hjemme, kan I lade noget lys br\u00e6nde og en radio v\u00e6re t\u00e6ndt.  En god ide er at tilmelde sig nabohj\u00e6lp, f\u00e5 App\u00b4en p\u00e5 jeres mobiler, s\u00e5 kan I f\u00f8lge med, hvis der sker noget mist\u00e6nkeligt herude i vores forening.<br>Jeg har f\u00e5et Nabohj\u00e6lp skilte hjem, men ingen har tid til at s\u00e6tte skilte op f\u00f8r efter jul, desv\u00e6rre, for de vil jo nok afskr\u00e6kke tyvene.<br>(Se evt. mere p\u00e5 dette link: <a href=\"https:\/\/nabohjaelp.botrygt.dk\/\">Nabohj\u00e6lp<\/a> <em>red.)<\/em><br><br>Gl\u00e6delig jul<br>Med venlig hilsen<br>Formand Diana Larsen <\/p>\n\n\n\n<p><em>Postet den 21.6.2019<\/em><br><strong>Sct. Hans b\u00e5l&nbsp;&#8211; hvilke regler g\u00e6lder?<\/strong><br>I \u00e5r&nbsp;2019 er der ikke forbud mod at t\u00e6nde b\u00e5l Sct. Hans aften.<br><br>Imidlertid er der meget strikse regler for afbr\u00e6nding generelt!<br>Bliv klogere p\u00e5 de kommunale regler <a href=\"https:\/\/www.frederikssund.dk\/Borger\/Bolig--byggeri\/din-ejendom\/Roeg-stoej-og-lugt\/afbraending\">LIGE HER<\/a>, og vis altid forsigtighed ved omgang med \u00e5ben ild!<br><\/p>\n\n\n\n<p><em>Postet den 21.6.2019<\/em><br><strong>Besk\u00e6ring af tr\u00e6er og h\u00e6k mod vores veje og stier<\/strong><br>Det er jo tid til h\u00e6kklipning og besk\u00e6ring &#8211; ikke mindst ud mod vores veje og stier.<br>Der findes kommunale regler for hvordan dette skal g\u00f8res, og du kan l\u00e6se mere <a href=\"https:\/\/www.frederikssund.dk\/Borger\/Bolig--byggeri\/din-ejendom\/haek-hegn-traeer-fortove-og-snerydning\/Klipning-af-haek-og-hegn\">HER<\/a>.<br>Foreningen har indk\u00f8bt en benzindrevet top-klipper med teleskop, som bruges til at vedligeholde foreningens arealer.<br>Er du i tvivl om hvordan du skal gribe det an, kan du kontakte Jan Thykj\u00e6r Kristensen p\u00e5 telefon 2068 3123<br><\/p>\n\n\n\n<p><em>Postet den 15.5.2019<\/em><br><strong>Nyt fra formanden &#8211; arbejdsdagen 2019<\/strong><br>K\u00e6re alle!<br>Tusind tak for en dejlig generalforsamling.<br>Det gl\u00e6der mig meget, at der var fuld opbakning til hjertestarteren, dog h\u00e5ber jeg ikke, at der bliver brug for den.<br>Vi har holdt arbejdsdag l\u00f8rdag d. 11. maj 2019.<br>Som i kan se p\u00e5 billederne <em>(i <a href=\"https:\/\/xn--strandkrgaard-9fb.dk\/?page_id=36\">Galleriet<\/a> &#8211; red.), <\/em>var der flere tilmeldte og det gl\u00e6der mig. <br>Vi fik ordnet en del.  Vi fik&nbsp;sat broen p\u00e5 plads i folden, samlet skrald op og stor ros herfra, der var ikke s\u00e5 meget.<br>Vi fik ogs\u00e5 malet stenene i trekanten hvide, som de var f\u00f8r i tiden. B\u00e6nkene fik en gang olie. Vi fik slebet et par vejskilte og malet dem op, s\u00e5 man nu skulle kunne se, hvad vejene hedder.  I folden er der lidt sumpet nogle steder, blandt andet&nbsp;ved broen. I vandet dernede, er der en million haletudser. Dem kan&nbsp;i ogs\u00e5&nbsp;se p\u00e5 et af billederne. Er det ikke sk\u00f8nt?<br>Efter vi var f\u00e6rdige med at arbejde, fik vi en dejlig frokost hos Gert.<br>Stor tak til Gerts hustru og til Kirsten, som havde s\u00f8rget for det praktiske.<br>Det var en rigtig hyggelig dag, tak til alle som deltog.<br>Nu vil jeg \u00f8nske alle en dejlig sommer med forh\u00e5bentligt godt vejr, s\u00e5 vi kan nyde stranden og vandet.<br>Med venlig hilsen.<br>Formand Diana Larsen <\/p>\n\n\n\n<p><em>Postet den 13.5.2019<\/em>&nbsp;&nbsp;&nbsp;&nbsp;&nbsp;&nbsp; <br><strong>Nabohj\u00e6lp &#8211; Nyt tiltag<\/strong>&nbsp;&nbsp;&nbsp; <img loading=\"lazy\" decoding=\"async\" width=\"100\" height=\"106\" class=\"wp-image-274\" style=\"width: 100px;\" alt=\"\" src=\"https:\/\/xn--strandkrgaard-9fb.dk\/wp-content\/uploads\/2019\/05\/Nabohj\u00e6lp-e1557839423865.jpg\"><br>P\u00e5 generalforsamlingen den 5. maj blev det besluttet at g\u00f8re hele vores omr\u00e5de til &#8220;Nabo-hj\u00e6lp&#8221; omr\u00e5de.<br>Der vil komme yderligere info, n\u00e5r bestyrelsen ved mere.<br>Se evt. mere p\u00e5 dette link:&nbsp;<a href=\"https:\/\/nabohjaelp.botrygt.dk\/\">Nabohj\u00e6lp<\/a><br><\/p>\n\n\n\n<p><strong>El-afregning &#8211; Nye regler<\/strong><br><br>Alle sommerhus ejere, der har elvarme eller varmepumpe skal s\u00f8rge for, at dette fremg\u00e5r af deres BBR og samtidig skal de hurtigst muligt sende kopi af denne til deres el-leverand\u00f8r. <br>Sagen er den, at fra d 1.2.2019 kan man f\u00e5 neds\u00e6ttelse af el afgiften af el-forbrug over 4000 kw.<br>Besparelsen er stor- fuld takst ca 0,88 kr af de f\u00f8rste 4000 kw og 0,25 kr af alt forbrug over. I et lidt st\u00f8rre sommerhus, der bruges hele \u00e5ret, kan besparelsen l\u00f8be op i 4-5000 kr. <br>Hidtil har det kun v\u00e6ret hel\u00e5rsboliger opvarmet med elvarme eller varmepumpe men nu er det alle, der har sommerhus opvarmet med el. <br><br>MVH Formand Diana Larsen<br><em><a href=\"https:\/\/orsted.dk\/Privat\/Kundeservice\/Tilskud\/Hvordan-faar-jeg-reduceret-elafgift\">(Se evt. mere her &#8211; red)<\/a><\/em><\/p>\n\n\n\n<h4 class=\"wp-block-heading\"><a href=\"https:\/\/xn--strandkrgaard-9fb.dk\">Vend tilbage til forsiden<\/a><\/h4>\n\n\n\n<p><\/p>\n","protected":false},"excerpt":{"rendered":"<p>Postet den 10. marts 2026Dispensation for fold- og dyrehold i sommerhusomr\u00e5de &#8211; dateret den 2. april 2023https:\/\/grundejer.com\/wp-content\/uploads\/2026\/03\/Fr.-Sund-K.-Dispensation-til-fold-og-dyrehold-i-sommerhusomraade.pdf Postet den 1. marts 2026Hegnsaftale vedr. matrikel 6fu, Over Dr\u00e5by Strand &#8211; g\u00e6ldende for perioden 1. maj 2025 &#8211; 31. december 20272025_05_08_hegnsaftale Postet den 26. januar 2026Der er indkaldt til ordin\u00e6rt bestyrelsesm\u00f8de den 22. februar 2026. Postet den &hellip; <\/p>\n<p class=\"link-more\"><a href=\"https:\/\/xn--strandkrgaard-9fb.dk\/?page_id=41\" class=\"more-link\">L\u00e6s videre<span class=\"screen-reader-text\"> &#8220;Nyheder&#8221;<\/span><\/a><\/p>\n","protected":false},"author":2,"featured_media":0,"parent":0,"menu_order":0,"comment_status":"closed","ping_status":"closed","template":"","meta":{"footnotes":""},"class_list":["post-41","page","type-page","status-publish","hentry"],"_links":{"self":[{"href":"https:\/\/xn--strandkrgaard-9fb.dk\/index.php?rest_route=\/wp\/v2\/pages\/41","targetHints":{"allow":["GET"]}}],"collection":[{"href":"https:\/\/xn--strandkrgaard-9fb.dk\/index.php?rest_route=\/wp\/v2\/pages"}],"about":[{"href":"https:\/\/xn--strandkrgaard-9fb.dk\/index.php?rest_route=\/wp\/v2\/types\/page"}],"author":[{"embeddable":true,"href":"https:\/\/xn--strandkrgaard-9fb.dk\/index.php?rest_route=\/wp\/v2\/users\/2"}],"replies":[{"embeddable":true,"href":"https:\/\/xn--strandkrgaard-9fb.dk\/index.php?rest_route=%2Fwp%2Fv2%2Fcomments&post=41"}],"version-history":[{"count":163,"href":"https:\/\/xn--strandkrgaard-9fb.dk\/index.php?rest_route=\/wp\/v2\/pages\/41\/revisions"}],"predecessor-version":[{"id":1253,"href":"https:\/\/xn--strandkrgaard-9fb.dk\/index.php?rest_route=\/wp\/v2\/pages\/41\/revisions\/1253"}],"wp:attachment":[{"href":"https:\/\/xn--strandkrgaard-9fb.dk\/index.php?rest_route=%2Fwp%2Fv2%2Fmedia&parent=41"}],"curies":[{"name":"wp","href":"https:\/\/api.w.org\/{rel}","templated":true}]}}