{"id":439,"date":"2019-05-31T20:48:20","date_gmt":"2019-05-31T20:48:20","guid":{"rendered":"https:\/\/grundejer.com\/?page_id=439"},"modified":"2020-01-16T07:57:48","modified_gmt":"2020-01-16T07:57:48","slug":"kommunens-kontaktudvalg","status":"publish","type":"page","link":"https:\/\/xn--strandkrgaard-9fb.dk\/?page_id=439","title":{"rendered":"Kommunens kontaktudvalg"},"content":{"rendered":"\n<p>Frederikssund Kommune har etableret et kontaktudvalg for at sikre en gensidig og l\u00f8bende dialog med kommunens&nbsp;sommerhusomr\u00e5der, og med de mange grundejerforeninger.<br>Udvalget afholder 2 \u00e5rlige m\u00f8der.<br>Udvalgets kommissorium, s\u00e5vel som referater af alle udvalgsm\u00f8der, kan du altid finde p\u00e5 Frederikssund Kommunes hjemmeside p\u00e5 dette <a href=\"https:\/\/www.frederikssund.dk\/Politik\/Udvalg-raad-og-naevn\/Kontaktudvalg-sommerhusomraader\">LINK<\/a><\/p>\n\n\n\n<p>Referaterne fra de seneste\u00a0par \u00e5rs m\u00f8der kan du endvidere nemt l\u00e6se og downloade lige her:<br><a href=\"https:\/\/xn--strandkrgaard-9fb.dk\/wp-content\/uploads\/2020\/01\/Sommerhuskontaktudvalgsm\u00f8de-2019-10-31.pdf\">31. oktober 2019 &#8211; referat<\/a><br><a href=\"https:\/\/xn--strandkrgaard-9fb.dk\/wp-content\/uploads\/2019\/05\/Sommerhuskontaktudvalgsm\u00f8de-2019-04-11.pdf\">11. april 2019 &#8211; referat<\/a><br><a href=\"https:\/\/xn--strandkrgaard-9fb.dk\/wp-content\/uploads\/2019\/05\/Sommerhuskontaktudvalgsm\u00f8de-2018-10-11.pdf\">11. oktober 2018 &#8211; referat<\/a><br><a href=\"https:\/\/xn--strandkrgaard-9fb.dk\/wp-content\/uploads\/2019\/05\/Sommerhuskontaktudvalgsm\u00f8de-2018-04-19.pdf\">19. april 2018 &#8211; referat<\/a><\/p>\n\n\n\n<h4 class=\"wp-block-heading\"><a href=\"https:\/\/xn--strandkrgaard-9fb.dk\">Vend tilbage til forsiden<\/a><\/h4>\n","protected":false},"excerpt":{"rendered":"<p>Frederikssund Kommune har etableret et kontaktudvalg for at sikre en gensidig og l\u00f8bende dialog med kommunens&nbsp;sommerhusomr\u00e5der, og med de mange grundejerforeninger.Udvalget afholder 2 \u00e5rlige m\u00f8der.Udvalgets kommissorium, s\u00e5vel som referater af alle udvalgsm\u00f8der, kan du altid finde p\u00e5 Frederikssund Kommunes hjemmeside p\u00e5 dette LINK Referaterne fra de seneste\u00a0par \u00e5rs m\u00f8der kan du endvidere nemt l\u00e6se og &hellip; <\/p>\n<p class=\"link-more\"><a href=\"https:\/\/xn--strandkrgaard-9fb.dk\/?page_id=439\" class=\"more-link\">L\u00e6s videre<span class=\"screen-reader-text\"> &#8220;Kommunens kontaktudvalg&#8221;<\/span><\/a><\/p>\n","protected":false},"author":2,"featured_media":0,"parent":0,"menu_order":0,"comment_status":"closed","ping_status":"closed","template":"","meta":{"footnotes":""},"class_list":["post-439","page","type-page","status-publish","hentry"],"_links":{"self":[{"href":"https:\/\/xn--strandkrgaard-9fb.dk\/index.php?rest_route=\/wp\/v2\/pages\/439","targetHints":{"allow":["GET"]}}],"collection":[{"href":"https:\/\/xn--strandkrgaard-9fb.dk\/index.php?rest_route=\/wp\/v2\/pages"}],"about":[{"href":"https:\/\/xn--strandkrgaard-9fb.dk\/index.php?rest_route=\/wp\/v2\/types\/page"}],"author":[{"embeddable":true,"href":"https:\/\/xn--strandkrgaard-9fb.dk\/index.php?rest_route=\/wp\/v2\/users\/2"}],"replies":[{"embeddable":true,"href":"https:\/\/xn--strandkrgaard-9fb.dk\/index.php?rest_route=%2Fwp%2Fv2%2Fcomments&post=439"}],"version-history":[{"count":14,"href":"https:\/\/xn--strandkrgaard-9fb.dk\/index.php?rest_route=\/wp\/v2\/pages\/439\/revisions"}],"predecessor-version":[{"id":560,"href":"https:\/\/xn--strandkrgaard-9fb.dk\/index.php?rest_route=\/wp\/v2\/pages\/439\/revisions\/560"}],"wp:attachment":[{"href":"https:\/\/xn--strandkrgaard-9fb.dk\/index.php?rest_route=%2Fwp%2Fv2%2Fmedia&parent=439"}],"curies":[{"name":"wp","href":"https:\/\/api.w.org\/{rel}","templated":true}]}}