{"id":465,"date":"2019-06-20T21:18:07","date_gmt":"2019-06-20T21:18:07","guid":{"rendered":"https:\/\/grundejer.com\/?page_id=465"},"modified":"2025-04-10T09:28:25","modified_gmt":"2025-04-10T09:28:25","slug":"tryghed","status":"publish","type":"page","link":"https:\/\/xn--strandkrgaard-9fb.dk\/?page_id=465","title":{"rendered":"Tryghed"},"content":{"rendered":"\n<p>Vi befinder os i et sommerhusomr\u00e5de, og her er vi n\u00f8dt til at vise ekstra opm\u00e6rksomhed overfor vores naboer og medmennesker.<\/p>\n\n\n\n<p><strong>Hjertestarter<\/strong><br>I det samlede sommerhusomr\u00e5de er der aktuelt 3 d\u00f8gn\u00e5bne hjertestartere.<br>Den mest centrale i vores omr\u00e5de er opsat p\u00e5 trekanten ved busstoppestedet p\u00e5 Dr\u00e5byvej, n\u00e6rmere bestemt umiddelbart vest for S\u00f8stjernevejs udmunding i Dr\u00e5byvej p\u00e5 GPS-koordinaterne:   55\u00b050&#8217;02.0&#8243;N 11\u00b057&#8217;33.4&#8243;E<br><a href=\"https:\/\/maps.app.goo.gl\/B595BYPrCGiaNnPCA\">Link til Google Maps<\/a><br><br><img loading=\"lazy\" decoding=\"async\" width=\"450\" height=\"244\" class=\"wp-image-538\" style=\"width: 450px;\" src=\"https:\/\/xn--strandkrgaard-9fb.dk\/wp-content\/uploads\/2019\/12\/Hjertestarter-placering.jpg\" alt=\"\" srcset=\"https:\/\/xn--strandkrgaard-9fb.dk\/wp-content\/uploads\/2019\/12\/Hjertestarter-placering.jpg 1057w, https:\/\/xn--strandkrgaard-9fb.dk\/wp-content\/uploads\/2019\/12\/Hjertestarter-placering-300x163.jpg 300w, https:\/\/xn--strandkrgaard-9fb.dk\/wp-content\/uploads\/2019\/12\/Hjertestarter-placering-768x416.jpg 768w, https:\/\/xn--strandkrgaard-9fb.dk\/wp-content\/uploads\/2019\/12\/Hjertestarter-placering-1024x555.jpg 1024w\" sizes=\"auto, (max-width: 450px) 100vw, 450px\" \/><br><br>De 2 \u00f8vrige findes hhv. ved <strong>Grundejerforeningen Fjordvang<\/strong>, p\u00e5 adressen Hyldeg\u00e5rdsvej 10, 3630 J\u00e6gerspris.<br>Den er placeret p\u00e5 Hyldeg\u00e5rdsvej, ud for Lille Fjordvej nr. 2, (ved siden af den gamle k\u00f8bmand Hyldeg\u00e5rdsvej 10.) <br>og<br>ved <strong>Grundejerforeningen Ved Strandgaarden<\/strong>, p\u00e5 adressen Spurvevej 2, 3630 J\u00e6gerspris.<br>Den findes p\u00e5 hj\u00f8rnet af Strandg\u00e5rdsvej og Svalevej, p\u00e5 det lille torv. <\/p>\n\n\n\n<p><br><br>Det er vigtigt at alle g\u00f8r sig bekendt med placeringen, og det er ogs\u00e5 en god ide at du overvejer om du ogs\u00e5 kan v\u00e6re &#8220;Hjertel\u00f8ber&#8221;, og m\u00e5ske kan v\u00e6re med til at redde liv.<br>Se mere om Hjertel\u00f8bere p\u00e5 dette&nbsp;<a href=\"https:\/\/hjertestarter.dk\/hjerteloeber\">LINK<\/a><br><br>I \u00f8vrigt er det altid vigtigt at vide hvad man skal g\u00f8re, hvis&nbsp;man pludselig st\u00e5r i en situation med en bevidstl\u00f8s person.<br>Hjertestarteren kan redde menneskeliv, men det er af allerst\u00f8rste vigtighed at der bliver taget action indtil da.&nbsp;<br>Der findes megen instruktion p\u00e5 nettet, f. eks. en video om hjertemassage fra FALCK p\u00e5 dette <a href=\"https:\/\/youtu.be\/LRg5nWJth1g\">LINK<\/a><br>Du kan ogs\u00e5 se hvordan du bruger en hjertestarter  p\u00e5 dette <a href=\"https:\/\/youtu.be\/701h18iwTRY\">LINK<\/a> <\/p>\n\n\n\n<p><strong>Nabohj\u00e6lp<\/strong><br>Tyverier i sommerhusomr\u00e5der er desv\u00e6rre et tilbagevendende problem.<br>&#8220;Nabohj\u00e6lp&#8221; har vist sig at have en god pr\u00e6ventiv effekt, og det er besluttet at g\u00f8re hele vores omr\u00e5de til Nabohj\u00e6lp-omr\u00e5de, og at ops\u00e6tte&nbsp;Nabohj\u00e6lp-skilte p\u00e5 alle omr\u00e5dets veje.<br><br>Men \u00e9n&nbsp;ting er skilte &#8211; resten er op til <strong>DIG<\/strong>.<br>Det er op til den enkelte at registrere sig i systemet, og kun ved at &#8220;invitere&#8221; dine naboer opn\u00e5r du den maksimale beskyttelse.<br>L\u00e6s mere p\u00e5 dette <a href=\"https:\/\/nabohjaelp.botrygt.dk\/om\">LINK<\/a>&nbsp;hvor du ogs\u00e5 finder&nbsp;information om&nbsp;&nbsp;App\u00b4en.<br>Download App\u00b4en&nbsp;&nbsp;p\u00e5 din telefon, og du er godt i gang med at beskytte dit hus, og med at passe p\u00e5 dine naboer.<\/p>\n\n\n\n<h4 class=\"wp-block-heading\"><a href=\"https:\/\/xn--strandkrgaard-9fb.dk\">Vend tilbage til forsiden<\/a><\/h4>\n","protected":false},"excerpt":{"rendered":"<p>Vi befinder os i et sommerhusomr\u00e5de, og her er vi n\u00f8dt til at vise ekstra opm\u00e6rksomhed overfor vores naboer og medmennesker. HjertestarterI det samlede sommerhusomr\u00e5de er der aktuelt 3 d\u00f8gn\u00e5bne hjertestartere.Den mest centrale i vores omr\u00e5de er opsat p\u00e5 trekanten ved busstoppestedet p\u00e5 Dr\u00e5byvej, n\u00e6rmere bestemt umiddelbart vest for S\u00f8stjernevejs udmunding i Dr\u00e5byvej p\u00e5 GPS-koordinaterne: &hellip; <\/p>\n<p class=\"link-more\"><a href=\"https:\/\/xn--strandkrgaard-9fb.dk\/?page_id=465\" class=\"more-link\">L\u00e6s videre<span class=\"screen-reader-text\"> &#8220;Tryghed&#8221;<\/span><\/a><\/p>\n","protected":false},"author":2,"featured_media":0,"parent":0,"menu_order":0,"comment_status":"closed","ping_status":"closed","template":"","meta":{"footnotes":""},"class_list":["post-465","page","type-page","status-publish","hentry"],"_links":{"self":[{"href":"https:\/\/xn--strandkrgaard-9fb.dk\/index.php?rest_route=\/wp\/v2\/pages\/465","targetHints":{"allow":["GET"]}}],"collection":[{"href":"https:\/\/xn--strandkrgaard-9fb.dk\/index.php?rest_route=\/wp\/v2\/pages"}],"about":[{"href":"https:\/\/xn--strandkrgaard-9fb.dk\/index.php?rest_route=\/wp\/v2\/types\/page"}],"author":[{"embeddable":true,"href":"https:\/\/xn--strandkrgaard-9fb.dk\/index.php?rest_route=\/wp\/v2\/users\/2"}],"replies":[{"embeddable":true,"href":"https:\/\/xn--strandkrgaard-9fb.dk\/index.php?rest_route=%2Fwp%2Fv2%2Fcomments&post=465"}],"version-history":[{"count":34,"href":"https:\/\/xn--strandkrgaard-9fb.dk\/index.php?rest_route=\/wp\/v2\/pages\/465\/revisions"}],"predecessor-version":[{"id":1145,"href":"https:\/\/xn--strandkrgaard-9fb.dk\/index.php?rest_route=\/wp\/v2\/pages\/465\/revisions\/1145"}],"wp:attachment":[{"href":"https:\/\/xn--strandkrgaard-9fb.dk\/index.php?rest_route=%2Fwp%2Fv2%2Fmedia&parent=465"}],"curies":[{"name":"wp","href":"https:\/\/api.w.org\/{rel}","templated":true}]}}