{"id":802,"date":"2023-06-30T09:23:50","date_gmt":"2023-06-30T09:23:50","guid":{"rendered":"https:\/\/grundejer.com\/?page_id=802"},"modified":"2023-06-30T10:41:45","modified_gmt":"2023-06-30T10:41:45","slug":"dyrevildt-i-omraadet","status":"publish","type":"page","link":"https:\/\/xn--strandkrgaard-9fb.dk\/?page_id=802","title":{"rendered":"Dyrevildt i omr\u00e5det"},"content":{"rendered":"\n<p>Det store milit\u00e6romr\u00e5de nord for sommerhusomr\u00e5det er udlagt som &#8220;overdrev&#8221;, og det giver gode foruds\u00e6tninger for et rigt dyreliv.<br>Blandt andet er der en stor bestand af r\u00e5dyr, hvor en del er blevet s\u00e5 fortrolige med sommerhusomr\u00e5det, at de f\u00e6rdes meget hjemmevante i omr\u00e5det. Til gl\u00e6de for mange, men ogs\u00e5 til irritation for dem der f\u00e5r deres sommerblomster spist af dyrene.<br>Et af r\u00e5dene til at beskytte blomster og krukker mod r\u00e5vildtet er at tilplante med blomster der ikke er attraktive for vildtet. Heriblandt for eksempel Tagetes og Lavendel.<br><br>Udover r\u00e5dyr st\u00f8der du ogs\u00e5 hyppigt p\u00e5 r\u00e6v, egern, snoge, firben og et stort antal spurvefugle, ande- og vadefugle.<\/p>\n","protected":false},"excerpt":{"rendered":"<p>Det store milit\u00e6romr\u00e5de nord for sommerhusomr\u00e5det er udlagt som &#8220;overdrev&#8221;, og det giver gode foruds\u00e6tninger for et rigt dyreliv.Blandt andet er der en stor bestand af r\u00e5dyr, hvor en del er blevet s\u00e5 fortrolige med sommerhusomr\u00e5det, at de f\u00e6rdes meget hjemmevante i omr\u00e5det. Til gl\u00e6de for mange, men ogs\u00e5 til irritation for dem der f\u00e5r &hellip; <\/p>\n<p class=\"link-more\"><a href=\"https:\/\/xn--strandkrgaard-9fb.dk\/?page_id=802\" class=\"more-link\">L\u00e6s videre<span class=\"screen-reader-text\"> &#8220;Dyrevildt i omr\u00e5det&#8221;<\/span><\/a><\/p>\n","protected":false},"author":2,"featured_media":0,"parent":0,"menu_order":0,"comment_status":"closed","ping_status":"closed","template":"","meta":{"footnotes":""},"class_list":["post-802","page","type-page","status-publish","hentry"],"_links":{"self":[{"href":"https:\/\/xn--strandkrgaard-9fb.dk\/index.php?rest_route=\/wp\/v2\/pages\/802","targetHints":{"allow":["GET"]}}],"collection":[{"href":"https:\/\/xn--strandkrgaard-9fb.dk\/index.php?rest_route=\/wp\/v2\/pages"}],"about":[{"href":"https:\/\/xn--strandkrgaard-9fb.dk\/index.php?rest_route=\/wp\/v2\/types\/page"}],"author":[{"embeddable":true,"href":"https:\/\/xn--strandkrgaard-9fb.dk\/index.php?rest_route=\/wp\/v2\/users\/2"}],"replies":[{"embeddable":true,"href":"https:\/\/xn--strandkrgaard-9fb.dk\/index.php?rest_route=%2Fwp%2Fv2%2Fcomments&post=802"}],"version-history":[{"count":6,"href":"https:\/\/xn--strandkrgaard-9fb.dk\/index.php?rest_route=\/wp\/v2\/pages\/802\/revisions"}],"predecessor-version":[{"id":811,"href":"https:\/\/xn--strandkrgaard-9fb.dk\/index.php?rest_route=\/wp\/v2\/pages\/802\/revisions\/811"}],"wp:attachment":[{"href":"https:\/\/xn--strandkrgaard-9fb.dk\/index.php?rest_route=%2Fwp%2Fv2%2Fmedia&parent=802"}],"curies":[{"name":"wp","href":"https:\/\/api.w.org\/{rel}","templated":true}]}}